{"id":86,"date":"2022-12-25T22:01:34","date_gmt":"2022-12-26T01:01:34","guid":{"rendered":"https:\/\/patiperro.cl\/viajes\/?page_id=2855"},"modified":"2022-12-25T22:01:34","modified_gmt":"2022-12-26T01:01:34","slug":"documentacion-de-viaje","status":"publish","type":"page","link":"https:\/\/patiperro.cl\/viajes\/documentacion-de-viaje\/","title":{"rendered":"Documentaci\u00f3n de Viaje"},"content":{"rendered":"<section class=\"wpb-content-wrapper\"><p>[vc_row hide_bg_image_on_tablet=&#8221;&#8221; hide_bg_image_on_mobile=&#8221;&#8221;][vc_column icons_position=&#8221;left&#8221;]<div id=\"sc_content_977121709\"\r\n\t\tclass=\"sc_content sc_content_default sc_float_center p70\"><div class=\"sc_content_container\">[vc_column_text]<\/p>\n<h5 style=\"text-align: center;\">I Documentaci\u00f3n de Viaje<\/h5>\n<p>Algunos de los documentos y exigencias que pueden ser requeridos para su viaje son:<\/p>\n<p>1.- Los ciudadanos chilenos residentes en Chile, deben salir del pa\u00eds con su pasaporte chileno al d\u00eda, cuya fecha de expiraci\u00f3n no puede ser menos de 6 meses desde la fecha de regreso del viaje.<\/p>\n<p>De acuerdo al Convenio Las Am\u00e9ricas, los ciudadanos chilenos no requieren visa ni pasaporte, s\u00f3lo su Carnet de Identidad (vigente) en los siguientes pa\u00edses: <strong>Argentina \/Bolivia\/ Brasil\/ Colombia\/ Ecuador\/ Per\u00fa\/ Uruguay\/Paraguay.<\/strong><\/p>\n<p>Atenci\u00f3n si para llegar a unos de esos pa\u00edses hace conexi\u00f3n el vuelo por alg\u00fan destino que exige Visa como es el caso de Ciudad de Panam\u00e1.<\/p>\n<p>2.-Los ciudadanos chilenos con m\u00e1s de una nacionalidad, deben salir de Chile con su pasaporte chileno.<\/p>\n<p>3.- Los ciudadanos de otras nacionalidades deben contar con pasaporte vigente emitido por su pa\u00eds de origen y las respectivas visas para los pa\u00edses que visitar\u00e1.<\/p>\n<p>4.- Los pasajeros deben contar con Visa para ingresar a los pa\u00edses que la requieran. Los pasajeros deben considerar que cuando viajan como turistas, el m\u00e1ximo de estad\u00eda en los pa\u00edses que visitan es de 90 d\u00edas, estad\u00eda que es finalmente determinada por la autoridad migratoria al ingresar al pa\u00eds de destino.<\/p>\n<p>5.- Los pasajeros que viajan con hijos menores de 18 a\u00f1os, deber\u00e1n exhibir libreta de familia o certificado de nacimiento, junto con fotocopia en triplicado.<span class=\"Apple-converted-space\">\u00a0 <\/span>Si el menor viaja con uno de sus padres, deber\u00e1 exhibir autorizaci\u00f3n para salir de Chile, por escritura p\u00fablica o instrumento privado firmado ante notario, en que conste la autorizaci\u00f3n del padre o madre que no viaja con el menor, se\u00f1al\u00e1ndose el tiempo que dura la ausencia del territorio nacional. Adem\u00e1s, deber\u00e1 exhibir libreta de familia o certificado de nacimiento, junto con fotocopia en triplicado.<\/p>\n<p>6.- Si el menor viaja sin sus padres, deber\u00e1 exhibir autorizaci\u00f3n para salir de Chile, por escritura p\u00fablica o instrumento privado firmado ante notario p\u00fablico en que conste la autorizaci\u00f3n de ambos padres, se\u00f1al\u00e1ndose el tiempo que dura la ausencia del territorio nacional. Adem\u00e1s, deber\u00e1 exhibir libreta de familia o certificado de nacimiento, junto con fotocopia en triplicado.[\/vc_column_text]<\/div><\/div><!-- \/.sc_content -->[\/vc_column][\/vc_row][vc_row][vc_column icons_position=&#8221;left&#8221;][vc_empty_space height=&#8221;5em&#8221; alter_height=&#8221;none&#8221; hide_on_desktop=&#8221;&#8221; hide_on_notebook=&#8221;&#8221; hide_on_tablet=&#8221;&#8221; hide_on_mobile=&#8221;&#8221;][\/vc_column][\/vc_row][vc_row][vc_column icons_position=&#8221;left&#8221;][vc_empty_space height=&#8221;5em&#8221; alter_height=&#8221;none&#8221; hide_on_desktop=&#8221;&#8221; hide_on_notebook=&#8221;&#8221; hide_on_tablet=&#8221;&#8221; hide_on_mobile=&#8221;&#8221;][\/vc_column][\/vc_row]<\/p>\n<\/section>","protected":false},"excerpt":{"rendered":"<p>[vc_row hide_bg_image_on_tablet=&#8221;&#8221; hide_bg_image_on_mobile=&#8221;&#8221;][vc_column icons_position=&#8221;left&#8221;][\/vc_column][\/vc_row][vc_row][vc_column icons_position=&#8221;left&#8221;][vc_empty_space height=&#8221;5em&#8221; alter_height=&#8221;none&#8221; hide_on_desktop=&#8221;&#8221; hide_on_notebook=&#8221;&#8221; hide_on_tablet=&#8221;&#8221; hide_on_mobile=&#8221;&#8221;][\/vc_column][\/vc_row][vc_row][vc_column icons_position=&#8221;left&#8221;][vc_empty_space height=&#8221;5em&#8221; alter_height=&#8221;none&#8221; hide_on_desktop=&#8221;&#8221; hide_on_notebook=&#8221;&#8221; hide_on_tablet=&#8221;&#8221; hide_on_mobile=&#8221;&#8221;][\/vc_column][\/vc_row]<\/p>\n","protected":false},"author":1,"featured_media":0,"parent":0,"menu_order":0,"comment_status":"closed","ping_status":"closed","template":"","meta":{"footnotes":""},"class_list":["post-86","page","type-page","status-publish","hentry"],"yoast_head":"<!-- This site is optimized with the Yoast SEO plugin v20.3 - https:\/\/yoast.com\/wordpress\/plugins\/seo\/ -->\r\n<title>Documentaci\u00f3n de Viaje - Patiperro Viajes<\/title>\r\n<meta name=\"robots\" content=\"index, follow, max-snippet:-1, max-image-preview:large, max-video-preview:-1\" \/>\r\n<link rel=\"canonical\" href=\"https:\/\/patiperro.cl\/viajes\/documentacion-de-viaje\/\" \/>\r\n<meta property=\"og:locale\" content=\"es_ES\" \/>\r\n<meta property=\"og:type\" content=\"article\" \/>\r\n<meta property=\"og:title\" content=\"Documentaci\u00f3n de Viaje - Patiperro Viajes\" \/>\r\n<meta property=\"og:description\" content=\"[vc_row hide_bg_image_on_tablet=&#8221;&#8221; hide_bg_image_on_mobile=&#8221;&#8221;][vc_column icons_position=&#8221;left&#8221;][\/vc_column][\/vc_row][vc_row][vc_column icons_position=&#8221;left&#8221;][vc_empty_space height=&#8221;5em&#8221; alter_height=&#8221;none&#8221; hide_on_desktop=&#8221;&#8221; hide_on_notebook=&#8221;&#8221; hide_on_tablet=&#8221;&#8221; hide_on_mobile=&#8221;&#8221;][\/vc_column][\/vc_row][vc_row][vc_column icons_position=&#8221;left&#8221;][vc_empty_space height=&#8221;5em&#8221; alter_height=&#8221;none&#8221; hide_on_desktop=&#8221;&#8221; hide_on_notebook=&#8221;&#8221; hide_on_tablet=&#8221;&#8221; hide_on_mobile=&#8221;&#8221;][\/vc_column][\/vc_row]\" \/>\r\n<meta property=\"og:url\" content=\"https:\/\/patiperro.cl\/viajes\/documentacion-de-viaje\/\" \/>\r\n<meta property=\"og:site_name\" content=\"Patiperro Viajes\" \/>\r\n<meta name=\"twitter:card\" content=\"summary_large_image\" \/>\r\n<meta name=\"twitter:label1\" content=\"Est. reading time\" \/>\n\t<meta name=\"twitter:data1\" content=\"2 minutos\" \/>\r\n<script type=\"application\/ld+json\" class=\"yoast-schema-graph\">{\"@context\":\"https:\/\/schema.org\",\"@graph\":[{\"@type\":\"WebPage\",\"@id\":\"https:\/\/patiperro.cl\/viajes\/documentacion-de-viaje\/\",\"url\":\"https:\/\/patiperro.cl\/viajes\/documentacion-de-viaje\/\",\"name\":\"Documentaci\u00f3n de Viaje - Patiperro Viajes\",\"isPartOf\":{\"@id\":\"https:\/\/patiperro.cl\/viajes\/#website\"},\"datePublished\":\"2022-12-26T01:01:34+00:00\",\"dateModified\":\"2022-12-26T01:01:34+00:00\",\"breadcrumb\":{\"@id\":\"https:\/\/patiperro.cl\/viajes\/documentacion-de-viaje\/#breadcrumb\"},\"inLanguage\":\"es-CL\",\"potentialAction\":[{\"@type\":\"ReadAction\",\"target\":[\"https:\/\/patiperro.cl\/viajes\/documentacion-de-viaje\/\"]}]},{\"@type\":\"BreadcrumbList\",\"@id\":\"https:\/\/patiperro.cl\/viajes\/documentacion-de-viaje\/#breadcrumb\",\"itemListElement\":[{\"@type\":\"ListItem\",\"position\":1,\"name\":\"Portada\",\"item\":\"https:\/\/patiperro.cl\/viajes\/\"},{\"@type\":\"ListItem\",\"position\":2,\"name\":\"Documentaci\u00f3n de Viaje\"}]},{\"@type\":\"WebSite\",\"@id\":\"https:\/\/patiperro.cl\/viajes\/#website\",\"url\":\"https:\/\/patiperro.cl\/viajes\/\",\"name\":\"Patiperro Viajes\",\"description\":\"\",\"potentialAction\":[{\"@type\":\"SearchAction\",\"target\":{\"@type\":\"EntryPoint\",\"urlTemplate\":\"https:\/\/patiperro.cl\/viajes\/?s={search_term_string}\"},\"query-input\":\"required name=search_term_string\"}],\"inLanguage\":\"es-CL\"}]}<\/script>\r\n<!-- \/ Yoast SEO plugin. -->","yoast_head_json":{"title":"Documentaci\u00f3n de Viaje - Patiperro Viajes","robots":{"index":"index","follow":"follow","max-snippet":"max-snippet:-1","max-image-preview":"max-image-preview:large","max-video-preview":"max-video-preview:-1"},"canonical":"https:\/\/patiperro.cl\/viajes\/documentacion-de-viaje\/","og_locale":"es_ES","og_type":"article","og_title":"Documentaci\u00f3n de Viaje - Patiperro Viajes","og_description":"[vc_row hide_bg_image_on_tablet=&#8221;&#8221; hide_bg_image_on_mobile=&#8221;&#8221;][vc_column icons_position=&#8221;left&#8221;][\/vc_column][\/vc_row][vc_row][vc_column icons_position=&#8221;left&#8221;][vc_empty_space height=&#8221;5em&#8221; alter_height=&#8221;none&#8221; hide_on_desktop=&#8221;&#8221; hide_on_notebook=&#8221;&#8221; hide_on_tablet=&#8221;&#8221; hide_on_mobile=&#8221;&#8221;][\/vc_column][\/vc_row][vc_row][vc_column icons_position=&#8221;left&#8221;][vc_empty_space height=&#8221;5em&#8221; alter_height=&#8221;none&#8221; hide_on_desktop=&#8221;&#8221; hide_on_notebook=&#8221;&#8221; hide_on_tablet=&#8221;&#8221; hide_on_mobile=&#8221;&#8221;][\/vc_column][\/vc_row]","og_url":"https:\/\/patiperro.cl\/viajes\/documentacion-de-viaje\/","og_site_name":"Patiperro Viajes","twitter_card":"summary_large_image","twitter_misc":{"Est. reading time":"2 minutos"},"schema":{"@context":"https:\/\/schema.org","@graph":[{"@type":"WebPage","@id":"https:\/\/patiperro.cl\/viajes\/documentacion-de-viaje\/","url":"https:\/\/patiperro.cl\/viajes\/documentacion-de-viaje\/","name":"Documentaci\u00f3n de Viaje - Patiperro Viajes","isPartOf":{"@id":"https:\/\/patiperro.cl\/viajes\/#website"},"datePublished":"2022-12-26T01:01:34+00:00","dateModified":"2022-12-26T01:01:34+00:00","breadcrumb":{"@id":"https:\/\/patiperro.cl\/viajes\/documentacion-de-viaje\/#breadcrumb"},"inLanguage":"es-CL","potentialAction":[{"@type":"ReadAction","target":["https:\/\/patiperro.cl\/viajes\/documentacion-de-viaje\/"]}]},{"@type":"BreadcrumbList","@id":"https:\/\/patiperro.cl\/viajes\/documentacion-de-viaje\/#breadcrumb","itemListElement":[{"@type":"ListItem","position":1,"name":"Portada","item":"https:\/\/patiperro.cl\/viajes\/"},{"@type":"ListItem","position":2,"name":"Documentaci\u00f3n de Viaje"}]},{"@type":"WebSite","@id":"https:\/\/patiperro.cl\/viajes\/#website","url":"https:\/\/patiperro.cl\/viajes\/","name":"Patiperro Viajes","description":"","potentialAction":[{"@type":"SearchAction","target":{"@type":"EntryPoint","urlTemplate":"https:\/\/patiperro.cl\/viajes\/?s={search_term_string}"},"query-input":"required name=search_term_string"}],"inLanguage":"es-CL"}]}},"_links":{"self":[{"href":"https:\/\/patiperro.cl\/viajes\/wp-json\/wp\/v2\/pages\/86","targetHints":{"allow":["GET"]}}],"collection":[{"href":"https:\/\/patiperro.cl\/viajes\/wp-json\/wp\/v2\/pages"}],"about":[{"href":"https:\/\/patiperro.cl\/viajes\/wp-json\/wp\/v2\/types\/page"}],"author":[{"embeddable":true,"href":"https:\/\/patiperro.cl\/viajes\/wp-json\/wp\/v2\/users\/1"}],"replies":[{"embeddable":true,"href":"https:\/\/patiperro.cl\/viajes\/wp-json\/wp\/v2\/comments?post=86"}],"version-history":[{"count":0,"href":"https:\/\/patiperro.cl\/viajes\/wp-json\/wp\/v2\/pages\/86\/revisions"}],"wp:attachment":[{"href":"https:\/\/patiperro.cl\/viajes\/wp-json\/wp\/v2\/media?parent=86"}],"curies":[{"name":"wp","href":"https:\/\/api.w.org\/{rel}","templated":true}]}}