{"id":81,"date":"2023-02-21T11:00:17","date_gmt":"2023-02-21T14:00:17","guid":{"rendered":"https:\/\/patiperro.cl\/viajes\/?page_id=95"},"modified":"2023-03-10T08:40:43","modified_gmt":"2023-03-10T11:40:43","slug":"contacto","status":"publish","type":"page","link":"https:\/\/patiperro.cl\/viajes\/contacto\/","title":{"rendered":"Contacto"},"content":{"rendered":"<section class=\"wpb-content-wrapper\"><p>[vc_row][vc_column icons_position=&#8221;left&#8221;][vc_empty_space height=&#8221;8.2em&#8221; alter_height=&#8221;none&#8221; hide_on_desktop=&#8221;&#8221; hide_on_notebook=&#8221;1&#8243; hide_on_tablet=&#8221;1&#8243; hide_on_mobile=&#8221;1&#8243;][vc_empty_space height=&#8221;6.7em&#8221; alter_height=&#8221;none&#8221; hide_on_desktop=&#8221;1&#8243; hide_on_notebook=&#8221;&#8221; hide_on_tablet=&#8221;1&#8243; hide_on_mobile=&#8221;1&#8243;][vc_empty_space height=&#8221;3.5em&#8221; alter_height=&#8221;none&#8221; hide_on_desktop=&#8221;1&#8243; hide_on_notebook=&#8221;1&#8243; hide_on_tablet=&#8221;&#8221; hide_on_mobile=&#8221;&#8221;][\/vc_column][\/vc_row][vc_row][vc_column width=&#8221;4\/12&#8243; icons_position=&#8221;left&#8221;]<div id=\"sc_title_1228629528\"\r\n\t\tclass=\"sc_title sc_title_default\"><h4 class=\"sc_item_title sc_title_title sc_align_left sc_item_title_style_default sc_item_title_tag\">Contacto<\/h4><div class=\"sc_item_descr sc_title_descr sc_align_left\"><p>Conversemos sobre tu pr\u00f3ximo viaje<br \/>\nLunes a Viernes<br \/>\nHorarios:<br \/>\n09:00 a 18:30 hrs.<\/p>\n<\/div><\/div><!-- \/.sc_title -->[vc_empty_space height=&#8221;22px&#8221; alter_height=&#8221;none&#8221; hide_on_desktop=&#8221;&#8221; hide_on_notebook=&#8221;&#8221; hide_on_tablet=&#8221;&#8221; hide_on_mobile=&#8221;&#8221;]<div id=\"widget_contacts_401096453\" class=\"widget_area sc_widget_contacts vc_widget_contacts wpb_content_element\"><aside id=\"widget_contacts_401096453_widget\" class=\"widget widget_contacts\"><div class=\"contacts_wrap\"><div class=\"contacts_info\"><a href=\"tel:+56991572968\" class=\"contacts_phone\">+56 9 9157 2968<\/a><a href=\"tel:\" class=\"contacts_phone_2\"><\/a><span class=\"contacts_email\"><a href=\"mailto:via&#106;&#101;s&#64;&#112;&#97;&#116;&#105;&#112;&#101;&#114;ro&#46;&#99;&#108;\">v&#105;aj&#101;s&#64;pa&#116;&#105;&#112;er&#114;o&#46;c&#108;<\/a><\/span><\/div><div class=\"contacts_socials socials_wrap\"><a target=\"_blank\" href=\"https:\/\/www.instagram.com\/patiperroviajes\/\" class=\"social_item social_item_style_icons sc_icon_type_icons social_item_type_icons\"><span class=\"social_icon social_icon_instagramm\"><span class=\"icon-instagramm\"><\/span><\/span><\/a><a target=\"_blank\" href=\"https:\/\/www.facebook.com\/PatiperroViajes\" class=\"social_item social_item_style_icons sc_icon_type_icons social_item_type_icons\"><span class=\"social_icon social_icon_facebook\"><span class=\"icon-facebook\"><\/span><\/span><\/a><a target=\"_blank\" href=\"https:\/\/twitter.com\/PatiperroViajes\" class=\"social_item social_item_style_icons sc_icon_type_icons social_item_type_icons\"><span class=\"social_icon social_icon_socials-tw-1\"><span class=\"icon-socials-tw-1\"><\/span><\/span><\/a><\/div><\/div><!-- \/.contacts_wrap --><\/aside><\/div>[vc_empty_space height=&#8221;3.5em&#8221; alter_height=&#8221;none&#8221; hide_on_desktop=&#8221;&#8221; hide_on_notebook=&#8221;&#8221; hide_on_tablet=&#8221;&#8221; hide_on_mobile=&#8221;&#8221;][\/vc_column][vc_column width=&#8221;8\/12&#8243; hide_bg_image_on_tablet=&#8221;&#8221; hide_bg_image_on_mobile=&#8221;&#8221; icons_position=&#8221;left&#8221; css=&#8221;.vc_custom_1530101752470{padding-top: 7px !important;}&#8221;]<div id=\"sc_title_1922571356\"\r\n\t\tclass=\"sc_title sc_title_decor\"><h3 class=\"sc_item_title sc_title_title sc_align_left sc_item_title_style_decor sc_item_title_tag\">Escr\u00edbenos<\/h3><\/div><!-- \/.sc_title -->[vc_empty_space height=&#8221;1em&#8221; alter_height=&#8221;none&#8221; hide_on_desktop=&#8221;&#8221; hide_on_notebook=&#8221;&#8221; hide_on_tablet=&#8221;&#8221; hide_on_mobile=&#8221;&#8221;][vc_raw_html]JTNDaWZyYW1lJTIwaWQlM0QlMjJtaS1pZnJhbWUlMjIlMjBzcmMlM0QlMjJodHRwcyUzQSUyRiUyRnd3dy5wYXRpcGVycm8uY2wlMkZhcHBjb250YWN0JTJGZGVmYXVsdC5odG1sJTIyJTIwc3R5bGUlM0QlMjJ3aWR0aCUzQTM1MHB4JTNCaGVpZ2h0JTNBNDUwcHglM0IlMjIlMjB0aXRsZSUzRCUyMkNvbnRhY3RvJTIwUGF0aXBlcnJvJTIyJTIwc2Nyb2xsaW5nJTNEJTIyeWVzJTIyJTNFJTNDJTJGaWZyYW1lJTNF[\/vc_raw_html][\/vc_column][\/vc_row][vc_row][vc_column icons_position=&#8221;left&#8221;][vc_empty_space height=&#8221;8.3em&#8221; alter_height=&#8221;none&#8221; hide_on_desktop=&#8221;&#8221; hide_on_notebook=&#8221;1&#8243; hide_on_tablet=&#8221;1&#8243; hide_on_mobile=&#8221;1&#8243;][vc_empty_space height=&#8221;7em&#8221; alter_height=&#8221;none&#8221; hide_on_desktop=&#8221;1&#8243; hide_on_notebook=&#8221;&#8221; hide_on_tablet=&#8221;1&#8243; hide_on_mobile=&#8221;1&#8243;][vc_empty_space height=&#8221;4em&#8221; alter_height=&#8221;none&#8221; hide_on_desktop=&#8221;1&#8243; hide_on_notebook=&#8221;1&#8243; hide_on_tablet=&#8221;&#8221; hide_on_mobile=&#8221;&#8221;][vc_empty_space height=&#8221;7em&#8221; alter_height=&#8221;none&#8221; hide_on_desktop=&#8221;&#8221; hide_on_notebook=&#8221;&#8221; hide_on_tablet=&#8221;1&#8243; hide_on_mobile=&#8221;1&#8243;][\/vc_column][\/vc_row]<\/p>\n<\/section>","protected":false},"excerpt":{"rendered":"<p>[vc_row][vc_column icons_position=&#8221;left&#8221;][vc_empty_space height=&#8221;8.2em&#8221; alter_height=&#8221;none&#8221; hide_on_desktop=&#8221;&#8221; hide_on_notebook=&#8221;1&#8243; hide_on_tablet=&#8221;1&#8243; hide_on_mobile=&#8221;1&#8243;][vc_empty_space height=&#8221;6.7em&#8221; alter_height=&#8221;none&#8221; hide_on_desktop=&#8221;1&#8243; hide_on_notebook=&#8221;&#8221; hide_on_tablet=&#8221;1&#8243; hide_on_mobile=&#8221;1&#8243;][vc_empty_space height=&#8221;3.5em&#8221; alter_height=&#8221;none&#8221; hide_on_desktop=&#8221;1&#8243; hide_on_notebook=&#8221;1&#8243; hide_on_tablet=&#8221;&#8221; hide_on_mobile=&#8221;&#8221;][\/vc_column][\/vc_row][vc_row][vc_column width=&#8221;4\/12&#8243; icons_position=&#8221;left&#8221;][vc_empty_space height=&#8221;22px&#8221; alter_height=&#8221;none&#8221; hide_on_desktop=&#8221;&#8221; hide_on_notebook=&#8221;&#8221; hide_on_tablet=&#8221;&#8221; hide_on_mobile=&#8221;&#8221;][vc_empty_space height=&#8221;3.5em&#8221; alter_height=&#8221;none&#8221; hide_on_desktop=&#8221;&#8221; hide_on_notebook=&#8221;&#8221; hide_on_tablet=&#8221;&#8221; hide_on_mobile=&#8221;&#8221;][\/vc_column][vc_column width=&#8221;8\/12&#8243; hide_bg_image_on_tablet=&#8221;&#8221; hide_bg_image_on_mobile=&#8221;&#8221; icons_position=&#8221;left&#8221; css=&#8221;.vc_custom_1530101752470{padding-top: 7px !important;}&#8221;][vc_empty_space height=&#8221;1em&#8221; alter_height=&#8221;none&#8221; hide_on_desktop=&#8221;&#8221; hide_on_notebook=&#8221;&#8221; hide_on_tablet=&#8221;&#8221; hide_on_mobile=&#8221;&#8221;][vc_raw_html]JTNDaWZyYW1lJTIwaWQlM0QlMjJtaS1pZnJhbWUlMjIlMjBzcmMlM0QlMjJodHRwcyUzQSUyRiUyRnd3dy5wYXRpcGVycm8uY2wlMkZhcHBjb250YWN0JTJGZGVmYXVsdC5odG1sJTIyJTIwc3R5bGUlM0QlMjJ3aWR0aCUzQTM1MHB4JTNCaGVpZ2h0JTNBNDUwcHglM0IlMjIlMjB0aXRsZSUzRCUyMkNvbnRhY3RvJTIwUGF0aXBlcnJvJTIyJTIwc2Nyb2xsaW5nJTNEJTIyeWVzJTIyJTNFJTNDJTJGaWZyYW1lJTNF[\/vc_raw_html][\/vc_column][\/vc_row][vc_row][vc_column icons_position=&#8221;left&#8221;][vc_empty_space height=&#8221;8.3em&#8221; alter_height=&#8221;none&#8221; hide_on_desktop=&#8221;&#8221; hide_on_notebook=&#8221;1&#8243; hide_on_tablet=&#8221;1&#8243; hide_on_mobile=&#8221;1&#8243;][vc_empty_space height=&#8221;7em&#8221; alter_height=&#8221;none&#8221; hide_on_desktop=&#8221;1&#8243; hide_on_notebook=&#8221;&#8221; hide_on_tablet=&#8221;1&#8243; hide_on_mobile=&#8221;1&#8243;][vc_empty_space&hellip;<\/p>\n","protected":false},"author":1,"featured_media":0,"parent":0,"menu_order":0,"comment_status":"closed","ping_status":"closed","template":"","meta":{"footnotes":""},"class_list":["post-81","page","type-page","status-publish","hentry"],"yoast_head":"<!-- This site is optimized with the Yoast SEO plugin v20.3 - https:\/\/yoast.com\/wordpress\/plugins\/seo\/ -->\r\n<title>Conversemos sobre tu pr\u00f3ximo viaje - Patiperro Viajes<\/title>\r\n<meta name=\"description\" content=\"Cont\u00e1ctanos hoy mismo para obtener m\u00e1s informaci\u00f3n sobre nuestro servicio de asesor\u00eda personalizada y comienza a planificar el viaje de tus sue\u00f1os.\" \/>\r\n<meta name=\"robots\" content=\"index, follow, max-snippet:-1, max-image-preview:large, max-video-preview:-1\" \/>\r\n<link rel=\"canonical\" href=\"https:\/\/patiperro.cl\/viajes\/contacto\/\" \/>\r\n<meta property=\"og:locale\" content=\"es_ES\" \/>\r\n<meta property=\"og:type\" content=\"article\" \/>\r\n<meta property=\"og:title\" content=\"Conversemos sobre tu pr\u00f3ximo viaje - Patiperro Viajes\" \/>\r\n<meta property=\"og:description\" content=\"Cont\u00e1ctanos hoy mismo para obtener m\u00e1s informaci\u00f3n sobre nuestro servicio de asesor\u00eda personalizada y comienza a planificar el viaje de tus sue\u00f1os.\" \/>\r\n<meta property=\"og:url\" content=\"https:\/\/patiperro.cl\/viajes\/contacto\/\" \/>\r\n<meta property=\"og:site_name\" content=\"Patiperro Viajes\" \/>\r\n<meta property=\"article:modified_time\" content=\"2023-03-10T11:40:43+00:00\" \/>\r\n<meta name=\"twitter:card\" content=\"summary_large_image\" \/>\r\n<meta name=\"twitter:label1\" content=\"Est. reading time\" \/>\n\t<meta name=\"twitter:data1\" content=\"1 minuto\" \/>\r\n<script type=\"application\/ld+json\" class=\"yoast-schema-graph\">{\"@context\":\"https:\/\/schema.org\",\"@graph\":[{\"@type\":\"WebPage\",\"@id\":\"https:\/\/patiperro.cl\/viajes\/contacto\/\",\"url\":\"https:\/\/patiperro.cl\/viajes\/contacto\/\",\"name\":\"Conversemos sobre tu pr\u00f3ximo viaje - Patiperro Viajes\",\"isPartOf\":{\"@id\":\"https:\/\/patiperro.cl\/viajes\/#website\"},\"datePublished\":\"2023-02-21T14:00:17+00:00\",\"dateModified\":\"2023-03-10T11:40:43+00:00\",\"description\":\"Cont\u00e1ctanos hoy mismo para obtener m\u00e1s informaci\u00f3n sobre nuestro servicio de asesor\u00eda personalizada y comienza a planificar el viaje de tus sue\u00f1os.\",\"breadcrumb\":{\"@id\":\"https:\/\/patiperro.cl\/viajes\/contacto\/#breadcrumb\"},\"inLanguage\":\"es-CL\",\"potentialAction\":[{\"@type\":\"ReadAction\",\"target\":[\"https:\/\/patiperro.cl\/viajes\/contacto\/\"]}]},{\"@type\":\"BreadcrumbList\",\"@id\":\"https:\/\/patiperro.cl\/viajes\/contacto\/#breadcrumb\",\"itemListElement\":[{\"@type\":\"ListItem\",\"position\":1,\"name\":\"Portada\",\"item\":\"https:\/\/patiperro.cl\/viajes\/\"},{\"@type\":\"ListItem\",\"position\":2,\"name\":\"Contacto\"}]},{\"@type\":\"WebSite\",\"@id\":\"https:\/\/patiperro.cl\/viajes\/#website\",\"url\":\"https:\/\/patiperro.cl\/viajes\/\",\"name\":\"Patiperro Viajes\",\"description\":\"\",\"potentialAction\":[{\"@type\":\"SearchAction\",\"target\":{\"@type\":\"EntryPoint\",\"urlTemplate\":\"https:\/\/patiperro.cl\/viajes\/?s={search_term_string}\"},\"query-input\":\"required name=search_term_string\"}],\"inLanguage\":\"es-CL\"}]}<\/script>\r\n<!-- \/ Yoast SEO plugin. -->","yoast_head_json":{"title":"Conversemos sobre tu pr\u00f3ximo viaje - Patiperro Viajes","description":"Cont\u00e1ctanos hoy mismo para obtener m\u00e1s informaci\u00f3n sobre nuestro servicio de asesor\u00eda personalizada y comienza a planificar el viaje de tus sue\u00f1os.","robots":{"index":"index","follow":"follow","max-snippet":"max-snippet:-1","max-image-preview":"max-image-preview:large","max-video-preview":"max-video-preview:-1"},"canonical":"https:\/\/patiperro.cl\/viajes\/contacto\/","og_locale":"es_ES","og_type":"article","og_title":"Conversemos sobre tu pr\u00f3ximo viaje - Patiperro Viajes","og_description":"Cont\u00e1ctanos hoy mismo para obtener m\u00e1s informaci\u00f3n sobre nuestro servicio de asesor\u00eda personalizada y comienza a planificar el viaje de tus sue\u00f1os.","og_url":"https:\/\/patiperro.cl\/viajes\/contacto\/","og_site_name":"Patiperro Viajes","article_modified_time":"2023-03-10T11:40:43+00:00","twitter_card":"summary_large_image","twitter_misc":{"Est. reading time":"1 minuto"},"schema":{"@context":"https:\/\/schema.org","@graph":[{"@type":"WebPage","@id":"https:\/\/patiperro.cl\/viajes\/contacto\/","url":"https:\/\/patiperro.cl\/viajes\/contacto\/","name":"Conversemos sobre tu pr\u00f3ximo viaje - Patiperro Viajes","isPartOf":{"@id":"https:\/\/patiperro.cl\/viajes\/#website"},"datePublished":"2023-02-21T14:00:17+00:00","dateModified":"2023-03-10T11:40:43+00:00","description":"Cont\u00e1ctanos hoy mismo para obtener m\u00e1s informaci\u00f3n sobre nuestro servicio de asesor\u00eda personalizada y comienza a planificar el viaje de tus sue\u00f1os.","breadcrumb":{"@id":"https:\/\/patiperro.cl\/viajes\/contacto\/#breadcrumb"},"inLanguage":"es-CL","potentialAction":[{"@type":"ReadAction","target":["https:\/\/patiperro.cl\/viajes\/contacto\/"]}]},{"@type":"BreadcrumbList","@id":"https:\/\/patiperro.cl\/viajes\/contacto\/#breadcrumb","itemListElement":[{"@type":"ListItem","position":1,"name":"Portada","item":"https:\/\/patiperro.cl\/viajes\/"},{"@type":"ListItem","position":2,"name":"Contacto"}]},{"@type":"WebSite","@id":"https:\/\/patiperro.cl\/viajes\/#website","url":"https:\/\/patiperro.cl\/viajes\/","name":"Patiperro Viajes","description":"","potentialAction":[{"@type":"SearchAction","target":{"@type":"EntryPoint","urlTemplate":"https:\/\/patiperro.cl\/viajes\/?s={search_term_string}"},"query-input":"required name=search_term_string"}],"inLanguage":"es-CL"}]}},"_links":{"self":[{"href":"https:\/\/patiperro.cl\/viajes\/wp-json\/wp\/v2\/pages\/81","targetHints":{"allow":["GET"]}}],"collection":[{"href":"https:\/\/patiperro.cl\/viajes\/wp-json\/wp\/v2\/pages"}],"about":[{"href":"https:\/\/patiperro.cl\/viajes\/wp-json\/wp\/v2\/types\/page"}],"author":[{"embeddable":true,"href":"https:\/\/patiperro.cl\/viajes\/wp-json\/wp\/v2\/users\/1"}],"replies":[{"embeddable":true,"href":"https:\/\/patiperro.cl\/viajes\/wp-json\/wp\/v2\/comments?post=81"}],"version-history":[{"count":20,"href":"https:\/\/patiperro.cl\/viajes\/wp-json\/wp\/v2\/pages\/81\/revisions"}],"predecessor-version":[{"id":677,"href":"https:\/\/patiperro.cl\/viajes\/wp-json\/wp\/v2\/pages\/81\/revisions\/677"}],"wp:attachment":[{"href":"https:\/\/patiperro.cl\/viajes\/wp-json\/wp\/v2\/media?parent=81"}],"curies":[{"name":"wp","href":"https:\/\/api.w.org\/{rel}","templated":true}]}}