{"id":75,"date":"2018-06-05T14:27:53","date_gmt":"2018-06-05T17:27:53","guid":{"rendered":"https:\/\/patiperro.cl\/viajes\/?page_id=374"},"modified":"2023-03-07T18:40:43","modified_gmt":"2023-03-07T21:40:43","slug":"como-comprar","status":"publish","type":"page","link":"https:\/\/patiperro.cl\/viajes\/como-comprar\/","title":{"rendered":"C\u00f3mo comprar"},"content":{"rendered":"<section class=\"wpb-content-wrapper\"><p>[vc_row][vc_column hide_bg_image_on_tablet=&#8221;&#8221; hide_bg_image_on_mobile=&#8221;&#8221; icons_position=&#8221;left&#8221; css=&#8221;.vc_custom_1530190811143{margin-top: -10px !important;}&#8221;]<div id=\"sc_title_1580035368\"\r\n\t\tclass=\"sc_title sc_title_decor\"><h3 class=\"sc_item_title sc_title_title sc_align_left sc_item_title_style_decor sc_item_title_tag\">\u00bfC\u00f3mo trabajamos?<\/h3><div class=\"sc_item_descr sc_title_descr sc_align_left\"><p>S\u00f3lo 6 pasos te separan de vivir una experiencia inolvidable, una experiencia que cambiar\u00e1 para siempre tu forma de vivir y disfrutar los viajes.<\/p>\n<\/div><\/div><!-- \/.sc_title -->[vc_empty_space alter_height=&#8221;huge&#8221; hide_on_desktop=&#8221;&#8221; hide_on_notebook=&#8221;1&#8243; hide_on_tablet=&#8221;1&#8243; hide_on_mobile=&#8221;1&#8243;][vc_empty_space height=&#8221;5.5em&#8221; alter_height=&#8221;none&#8221; hide_on_desktop=&#8221;1&#8243; hide_on_notebook=&#8221;&#8221; hide_on_tablet=&#8221;1&#8243; hide_on_mobile=&#8221;1&#8243;][vc_empty_space height=&#8221;2.5em&#8221; alter_height=&#8221;none&#8221; hide_on_desktop=&#8221;1&#8243; hide_on_notebook=&#8221;1&#8243; hide_on_tablet=&#8221;&#8221; hide_on_mobile=&#8221;1&#8243;][vc_empty_space height=&#8221;2em&#8221; alter_height=&#8221;none&#8221; hide_on_desktop=&#8221;1&#8243; hide_on_notebook=&#8221;1&#8243; hide_on_tablet=&#8221;1&#8243; hide_on_mobile=&#8221;&#8221;][\/vc_column][vc_column width=&#8221;1\/2&#8243; icons_position=&#8221;left&#8221;]<div class=\"cq-timeline cq-timeline-border-small cq-timeline-round-square cq-timeline-move cq-timeline-borderdarkgray  \" data-bordercustomcolor=\"\"><ul class=\"cq-timeline-list\"><li class=\"cq-timeline-row cq-timeline-style-customized\" data-contentcolor=\"\"><div class=\"cq-timeline-item\"><div class=\"cq-timeline-contentcontainer\"><div class=\"cq-timeline-icon-darkgray cq-timeline-iconcontainer\"><i class=\"cq-timeline-icon vc_li vc_li-user\" style=\"color:#f4a81d;background-color:;\"><\/i><\/div><div class=\"cq-timeline-content\"><p class=\"cq-timeline-text\"> <p>No reuniremos de forma online para conocernos y saber si conectamos.\u00a0Te informar\u00e9 detalladamente como abordaremos el proyecto.<\/p>\n<\/p><\/div><\/div><div class=\"cq-timeline-label\"><p class=\"cq-timeline-text\" style=\"color:#4c4c4c;font-size:;\">1<br \/>Reuni\u00f3n de Acercamiento<\/p><\/div><\/div><\/li>\n<\/ul><\/div><div class=\"cq-timeline cq-timeline-border-small cq-timeline-round-square cq-timeline-move cq-timeline-borderdarkgray  \" data-bordercustomcolor=\"\"><ul class=\"cq-timeline-list\"><li class=\"cq-timeline-row cq-timeline-style-white\" data-contentcolor=\"\"><div class=\"cq-timeline-item\"><div class=\"cq-timeline-contentcontainer\"><div class=\"cq-timeline-icon-darkgray cq-timeline-iconcontainer\"><i class=\"cq-timeline-icon vc_li vc_li-bubble\" style=\"color:#f4a81d;background-color:;\"><\/i><\/div><div class=\"cq-timeline-content\"><p class=\"cq-timeline-text\"> <p>\u00a1Maravilloso! Ya estamos d\u00e1ndole forma a tu viaje. Escuchar\u00e9 tus necesidades, tus sue\u00f1os y sobre la experiencia que est\u00e1s buscando.<\/p>\n<\/p><\/div><\/div><div class=\"cq-timeline-label\"><p class=\"cq-timeline-text\" style=\"color:#4c4c4c;font-size:;\">2<br \/>Asesor\u00eda<\/p><\/div><\/div><\/li>\n<\/ul><\/div><div class=\"cq-timeline cq-timeline-border-small cq-timeline-round-square cq-timeline-move cq-timeline-borderdarkgray  \" data-bordercustomcolor=\"\"><ul class=\"cq-timeline-list\"><li class=\"cq-timeline-row cq-timeline-style-white\" data-contentcolor=\"\"><div class=\"cq-timeline-item\"><div class=\"cq-timeline-contentcontainer\"><div class=\"cq-timeline-icon-darkgray cq-timeline-iconcontainer\"><i class=\"cq-timeline-icon vc_li vc_li-world\" style=\"color:#f4a81d;background-color:;\"><\/i><\/div><div class=\"cq-timeline-content\"><p class=\"cq-timeline-text\"> <p>Considerando los requisitos espec\u00edficos individuales y grupales obtenidos de brief, les presentar\u00e9 el dise\u00f1o de su ruta de viaje.<\/p>\n<\/p><\/div><\/div><div class=\"cq-timeline-label\"><p class=\"cq-timeline-text\" style=\"color:#4c4c4c;font-size:;\">3<br \/>Dise\u00f1o de Ruta<\/p><\/div><\/div><\/li>\n<\/ul><\/div>[\/vc_column][vc_column width=&#8221;1\/2&#8243; icons_position=&#8221;left&#8221;][vc_empty_space hide_on_desktop=&#8221;&#8221; hide_on_notebook=&#8221;&#8221; hide_on_tablet=&#8221;&#8221; hide_on_mobile=&#8221;&#8221;]<div class=\"cq-timeline cq-timeline-border-small cq-timeline-round-square cq-timeline-move cq-timeline-borderdarkgray  \" data-bordercustomcolor=\"\"><ul class=\"cq-timeline-list\"><li class=\"cq-timeline-row cq-timeline-style-white\" data-contentcolor=\"\"><div class=\"cq-timeline-item\"><div class=\"cq-timeline-contentcontainer\"><div class=\"cq-timeline-icon-darkgray cq-timeline-iconcontainer\"><i class=\"cq-timeline-icon vc_li vc_li-note\" style=\"color:#f4a81d;background-color:;\"><\/i><\/div><div class=\"cq-timeline-content\"><p class=\"cq-timeline-text\"> <p>Aprobado el dise\u00f1o de ruta les entregar\u00e9 la cotizaci\u00f3n del valor total del viaje y opcionales para cada destino.<\/p>\n<\/p><\/div><\/div><div class=\"cq-timeline-label\"><p class=\"cq-timeline-text\" style=\"color:#4c4c4c;font-size:;\">4<br \/>Entrega de cotizaci\u00f3n<\/p><\/div><\/div><\/li>\n<\/ul><\/div><div class=\"cq-timeline cq-timeline-border-small cq-timeline-round-square cq-timeline-move cq-timeline-borderdarkgray  \" data-bordercustomcolor=\"\"><ul class=\"cq-timeline-list\"><li class=\"cq-timeline-row cq-timeline-style-white\" data-contentcolor=\"\"><div class=\"cq-timeline-item\"><div class=\"cq-timeline-contentcontainer\"><div class=\"cq-timeline-icon-darkgray cq-timeline-iconcontainer\"><i class=\"cq-timeline-icon vc_li vc_li-calendar\" style=\"color:#f4a81d;background-color:;\"><\/i><\/div><div class=\"cq-timeline-content\"><p class=\"cq-timeline-text\"> <p>Recibir\u00e1n la versi\u00f3n f\u00edsica y digital del itinerario personalizado. Adem\u00e1s de un check list de los \u00faltimos preparativos. \u00a1Qu\u00e9 emoci\u00f3n!<\/p>\n<\/p><\/div><\/div><div class=\"cq-timeline-label\"><p class=\"cq-timeline-text\" style=\"color:#4c4c4c;font-size:;\">5<br \/>Entrega de itinerario<\/p><\/div><\/div><\/li>\n<\/ul><\/div><div class=\"cq-timeline cq-timeline-border-small cq-timeline-round-square cq-timeline-move cq-timeline-borderdarkgray  \" data-bordercustomcolor=\"\"><ul class=\"cq-timeline-list\"><li class=\"cq-timeline-row cq-timeline-style-white\" data-contentcolor=\"\"><div class=\"cq-timeline-item\"><div class=\"cq-timeline-contentcontainer\"><div class=\"cq-timeline-icon-darkgray cq-timeline-iconcontainer\"><i class=\"cq-timeline-icon icon-plane\" style=\"color:#f4a81d;background-color:;\"><\/i><\/div><div class=\"cq-timeline-content\"><p class=\"cq-timeline-text\"> <p>\u00a1La mejor parte! Estar\u00e1s en el viaje de tus sue\u00f1os y no tendr\u00e1s que preocuparte por absolutamente nada.<\/p>\n<\/p><\/div><\/div><div class=\"cq-timeline-label\"><p class=\"cq-timeline-text\" style=\"color:#4c4c4c;font-size:;\">6<br \/>El Viaje<\/p><\/div><\/div><\/li>\n<\/ul><\/div>[\/vc_column][\/vc_row][vc_row][vc_column icons_position=&#8221;left&#8221;][vc_empty_space height=&#8221;7.7em&#8221; alter_height=&#8221;none&#8221; hide_on_desktop=&#8221;&#8221; hide_on_notebook=&#8221;1&#8243; hide_on_tablet=&#8221;1&#8243; hide_on_mobile=&#8221;1&#8243;][vc_empty_space height=&#8221;6.3em&#8221; alter_height=&#8221;none&#8221; hide_on_desktop=&#8221;1&#8243; hide_on_notebook=&#8221;&#8221; hide_on_tablet=&#8221;1&#8243; hide_on_mobile=&#8221;1&#8243;][vc_empty_space height=&#8221;3.5rem&#8221; alter_height=&#8221;none&#8221; hide_on_desktop=&#8221;1&#8243; hide_on_notebook=&#8221;1&#8243; hide_on_tablet=&#8221;&#8221; hide_on_mobile=&#8221;&#8221;][\/vc_column][\/vc_row][vc_row][vc_column icons_position=&#8221;left&#8221;][vc_empty_space height=&#8221;4.5rem&#8221; alter_height=&#8221;none&#8221; hide_on_desktop=&#8221;&#8221; hide_on_notebook=&#8221;1&#8243; hide_on_tablet=&#8221;1&#8243; hide_on_mobile=&#8221;1&#8243;][vc_empty_space height=&#8221;2.5rem&#8221; alter_height=&#8221;none&#8221; hide_on_desktop=&#8221;1&#8243; hide_on_notebook=&#8221;&#8221; hide_on_tablet=&#8221;1&#8243; hide_on_mobile=&#8221;1&#8243;][vc_empty_space height=&#8221;0.3rem&#8221; alter_height=&#8221;none&#8221; hide_on_desktop=&#8221;1&#8243; hide_on_notebook=&#8221;1&#8243; hide_on_tablet=&#8221;&#8221; hide_on_mobile=&#8221;1&#8243;][vc_empty_space height=&#8221;1em&#8221; alter_height=&#8221;none&#8221; hide_on_desktop=&#8221;1&#8243; hide_on_notebook=&#8221;1&#8243; hide_on_tablet=&#8221;1&#8243; hide_on_mobile=&#8221;&#8221;][\/vc_column][vc_column width=&#8221;1\/2&#8243; icons_position=&#8221;left&#8221;]<div id=\"sc_title_1774180428\"\r\n\t\tclass=\"sc_title sc_title_decor\"><h6 class=\"sc_item_subtitle sc_title_subtitle sc_align_left sc_item_title_style_decor\">solicita<\/h6><h2 class=\"sc_item_title sc_title_title sc_align_left sc_item_title_style_decor sc_item_title_tag\">Informaci\u00f3n<\/h2><\/div><!-- \/.sc_title -->[vc_empty_space height=&#8221;37px&#8221; alter_height=&#8221;none&#8221; hide_on_desktop=&#8221;&#8221; hide_on_notebook=&#8221;&#8221; hide_on_tablet=&#8221;&#8221; hide_on_mobile=&#8221;&#8221;][\/vc_column][vc_column width=&#8221;1\/2&#8243; icons_position=&#8221;left&#8221;][vc_empty_space alter_height=&#8221;small&#8221; hide_on_desktop=&#8221;1&#8243; hide_on_notebook=&#8221;1&#8243; hide_on_tablet=&#8221;1&#8243; hide_on_mobile=&#8221;&#8221;][vc_raw_html]JTNDaWZyYW1lJTIwc3JjJTNEJTIyaHR0cHMlM0ElMkYlMkZ3d3cucGF0aXBlcnJvLmNsJTJGYXBwY29udGFjdCUyRmRlZmF1bHQuaHRtbCUyMiUyMHN0eWxlJTNEJTIyd2lkdGglM0EzNTBweCUzQmhlaWdodCUzQTQ1MHB4JTNCJTIyJTIwdGl0bGUlM0QlMjJDb250YWN0byUyMFBhdGlwZXJybyUyMiUyMHNjcm9sbGluZyUzRCUyMnllcyUyMiUzRSUzQyUyRmlmcmFtZSUzRQ==[\/vc_raw_html][\/vc_column][\/vc_row][vc_row hide_bg_image_on_tablet=&#8221;&#8221; hide_bg_image_on_mobile=&#8221;&#8221;][vc_column hide_bg_image_on_tablet=&#8221;&#8221; hide_bg_image_on_mobile=&#8221;&#8221; icons_position=&#8221;left&#8221; css=&#8221;.vc_custom_1530191495706{margin-top: -11px !important;}&#8221;][\/vc_column][\/vc_row]<\/p>\n<\/section>","protected":false},"excerpt":{"rendered":"<p>[vc_row][vc_column hide_bg_image_on_tablet=&#8221;&#8221; hide_bg_image_on_mobile=&#8221;&#8221; icons_position=&#8221;left&#8221; css=&#8221;.vc_custom_1530190811143{margin-top: -10px !important;}&#8221;][vc_empty_space alter_height=&#8221;huge&#8221; hide_on_desktop=&#8221;&#8221; hide_on_notebook=&#8221;1&#8243; hide_on_tablet=&#8221;1&#8243; hide_on_mobile=&#8221;1&#8243;][vc_empty_space height=&#8221;5.5em&#8221; alter_height=&#8221;none&#8221; hide_on_desktop=&#8221;1&#8243; hide_on_notebook=&#8221;&#8221; hide_on_tablet=&#8221;1&#8243; hide_on_mobile=&#8221;1&#8243;][vc_empty_space height=&#8221;2.5em&#8221; alter_height=&#8221;none&#8221; hide_on_desktop=&#8221;1&#8243; hide_on_notebook=&#8221;1&#8243; hide_on_tablet=&#8221;&#8221; hide_on_mobile=&#8221;1&#8243;][vc_empty_space height=&#8221;2em&#8221; alter_height=&#8221;none&#8221; hide_on_desktop=&#8221;1&#8243; hide_on_notebook=&#8221;1&#8243; hide_on_tablet=&#8221;1&#8243; hide_on_mobile=&#8221;&#8221;][\/vc_column][vc_column width=&#8221;1\/2&#8243; icons_position=&#8221;left&#8221;][\/vc_column][vc_column width=&#8221;1\/2&#8243; icons_position=&#8221;left&#8221;][vc_empty_space hide_on_desktop=&#8221;&#8221; hide_on_notebook=&#8221;&#8221; hide_on_tablet=&#8221;&#8221; hide_on_mobile=&#8221;&#8221;][\/vc_column][\/vc_row][vc_row][vc_column icons_position=&#8221;left&#8221;][vc_empty_space height=&#8221;7.7em&#8221; alter_height=&#8221;none&#8221; hide_on_desktop=&#8221;&#8221; hide_on_notebook=&#8221;1&#8243; hide_on_tablet=&#8221;1&#8243; hide_on_mobile=&#8221;1&#8243;][vc_empty_space height=&#8221;6.3em&#8221; alter_height=&#8221;none&#8221; hide_on_desktop=&#8221;1&#8243; hide_on_notebook=&#8221;&#8221; hide_on_tablet=&#8221;1&#8243; hide_on_mobile=&#8221;1&#8243;][vc_empty_space height=&#8221;3.5rem&#8221; alter_height=&#8221;none&#8221; hide_on_desktop=&#8221;1&#8243; hide_on_notebook=&#8221;1&#8243; hide_on_tablet=&#8221;&#8221; hide_on_mobile=&#8221;&#8221;][\/vc_column][\/vc_row][vc_row][vc_column icons_position=&#8221;left&#8221;][vc_empty_space height=&#8221;4.5rem&#8221; alter_height=&#8221;none&#8221;&hellip;<\/p>\n","protected":false},"author":1,"featured_media":0,"parent":0,"menu_order":0,"comment_status":"closed","ping_status":"closed","template":"","meta":{"footnotes":""},"class_list":["post-75","page","type-page","status-publish","hentry"],"yoast_head":"<!-- This site is optimized with the Yoast SEO plugin v20.3 - https:\/\/yoast.com\/wordpress\/plugins\/seo\/ -->\r\n<title>C\u00f3mo comprar - Patiperro Viajes<\/title>\r\n<meta name=\"robots\" content=\"index, follow, max-snippet:-1, max-image-preview:large, max-video-preview:-1\" \/>\r\n<link rel=\"canonical\" href=\"https:\/\/patiperro.cl\/viajes\/como-comprar\/\" \/>\r\n<meta property=\"og:locale\" content=\"es_ES\" \/>\r\n<meta property=\"og:type\" content=\"article\" \/>\r\n<meta property=\"og:title\" content=\"C\u00f3mo comprar - Patiperro Viajes\" \/>\r\n<meta property=\"og:description\" content=\"[vc_row][vc_column hide_bg_image_on_tablet=&#8221;&#8221; hide_bg_image_on_mobile=&#8221;&#8221; icons_position=&#8221;left&#8221; css=&#8221;.vc_custom_1530190811143{margin-top: -10px !important;}&#8221;][vc_empty_space alter_height=&#8221;huge&#8221; hide_on_desktop=&#8221;&#8221; hide_on_notebook=&#8221;1&#8243; hide_on_tablet=&#8221;1&#8243; hide_on_mobile=&#8221;1&#8243;][vc_empty_space height=&#8221;5.5em&#8221; alter_height=&#8221;none&#8221; hide_on_desktop=&#8221;1&#8243; hide_on_notebook=&#8221;&#8221; hide_on_tablet=&#8221;1&#8243; hide_on_mobile=&#8221;1&#8243;][vc_empty_space height=&#8221;2.5em&#8221; alter_height=&#8221;none&#8221; hide_on_desktop=&#8221;1&#8243; hide_on_notebook=&#8221;1&#8243; hide_on_tablet=&#8221;&#8221; hide_on_mobile=&#8221;1&#8243;][vc_empty_space height=&#8221;2em&#8221; alter_height=&#8221;none&#8221; hide_on_desktop=&#8221;1&#8243; hide_on_notebook=&#8221;1&#8243; hide_on_tablet=&#8221;1&#8243; hide_on_mobile=&#8221;&#8221;][\/vc_column][vc_column width=&#8221;1\/2&#8243; icons_position=&#8221;left&#8221;][\/vc_column][vc_column width=&#8221;1\/2&#8243; icons_position=&#8221;left&#8221;][vc_empty_space hide_on_desktop=&#8221;&#8221; hide_on_notebook=&#8221;&#8221; hide_on_tablet=&#8221;&#8221; hide_on_mobile=&#8221;&#8221;][\/vc_column][\/vc_row][vc_row][vc_column icons_position=&#8221;left&#8221;][vc_empty_space height=&#8221;7.7em&#8221; alter_height=&#8221;none&#8221; hide_on_desktop=&#8221;&#8221; hide_on_notebook=&#8221;1&#8243; hide_on_tablet=&#8221;1&#8243; hide_on_mobile=&#8221;1&#8243;][vc_empty_space height=&#8221;6.3em&#8221; alter_height=&#8221;none&#8221; hide_on_desktop=&#8221;1&#8243; hide_on_notebook=&#8221;&#8221; hide_on_tablet=&#8221;1&#8243; hide_on_mobile=&#8221;1&#8243;][vc_empty_space height=&#8221;3.5rem&#8221; alter_height=&#8221;none&#8221; hide_on_desktop=&#8221;1&#8243; hide_on_notebook=&#8221;1&#8243; hide_on_tablet=&#8221;&#8221; hide_on_mobile=&#8221;&#8221;][\/vc_column][\/vc_row][vc_row][vc_column icons_position=&#8221;left&#8221;][vc_empty_space height=&#8221;4.5rem&#8221; alter_height=&#8221;none&#8221;&hellip;\" \/>\r\n<meta property=\"og:url\" content=\"https:\/\/patiperro.cl\/viajes\/como-comprar\/\" \/>\r\n<meta property=\"og:site_name\" content=\"Patiperro Viajes\" \/>\r\n<meta property=\"article:modified_time\" content=\"2023-03-07T21:40:43+00:00\" \/>\r\n<meta name=\"twitter:card\" content=\"summary_large_image\" \/>\r\n<meta name=\"twitter:label1\" content=\"Est. reading time\" \/>\n\t<meta name=\"twitter:data1\" content=\"2 minutos\" \/>\r\n<script type=\"application\/ld+json\" class=\"yoast-schema-graph\">{\"@context\":\"https:\/\/schema.org\",\"@graph\":[{\"@type\":\"WebPage\",\"@id\":\"https:\/\/patiperro.cl\/viajes\/como-comprar\/\",\"url\":\"https:\/\/patiperro.cl\/viajes\/como-comprar\/\",\"name\":\"C\u00f3mo comprar - Patiperro Viajes\",\"isPartOf\":{\"@id\":\"https:\/\/patiperro.cl\/viajes\/#website\"},\"datePublished\":\"2018-06-05T17:27:53+00:00\",\"dateModified\":\"2023-03-07T21:40:43+00:00\",\"breadcrumb\":{\"@id\":\"https:\/\/patiperro.cl\/viajes\/como-comprar\/#breadcrumb\"},\"inLanguage\":\"es-CL\",\"potentialAction\":[{\"@type\":\"ReadAction\",\"target\":[\"https:\/\/patiperro.cl\/viajes\/como-comprar\/\"]}]},{\"@type\":\"BreadcrumbList\",\"@id\":\"https:\/\/patiperro.cl\/viajes\/como-comprar\/#breadcrumb\",\"itemListElement\":[{\"@type\":\"ListItem\",\"position\":1,\"name\":\"Portada\",\"item\":\"https:\/\/patiperro.cl\/viajes\/\"},{\"@type\":\"ListItem\",\"position\":2,\"name\":\"C\u00f3mo comprar\"}]},{\"@type\":\"WebSite\",\"@id\":\"https:\/\/patiperro.cl\/viajes\/#website\",\"url\":\"https:\/\/patiperro.cl\/viajes\/\",\"name\":\"Patiperro Viajes\",\"description\":\"\",\"potentialAction\":[{\"@type\":\"SearchAction\",\"target\":{\"@type\":\"EntryPoint\",\"urlTemplate\":\"https:\/\/patiperro.cl\/viajes\/?s={search_term_string}\"},\"query-input\":\"required name=search_term_string\"}],\"inLanguage\":\"es-CL\"}]}<\/script>\r\n<!-- \/ Yoast SEO plugin. -->","yoast_head_json":{"title":"C\u00f3mo comprar - Patiperro Viajes","robots":{"index":"index","follow":"follow","max-snippet":"max-snippet:-1","max-image-preview":"max-image-preview:large","max-video-preview":"max-video-preview:-1"},"canonical":"https:\/\/patiperro.cl\/viajes\/como-comprar\/","og_locale":"es_ES","og_type":"article","og_title":"C\u00f3mo comprar - Patiperro Viajes","og_description":"[vc_row][vc_column hide_bg_image_on_tablet=&#8221;&#8221; hide_bg_image_on_mobile=&#8221;&#8221; icons_position=&#8221;left&#8221; css=&#8221;.vc_custom_1530190811143{margin-top: -10px !important;}&#8221;][vc_empty_space alter_height=&#8221;huge&#8221; hide_on_desktop=&#8221;&#8221; hide_on_notebook=&#8221;1&#8243; hide_on_tablet=&#8221;1&#8243; hide_on_mobile=&#8221;1&#8243;][vc_empty_space height=&#8221;5.5em&#8221; alter_height=&#8221;none&#8221; hide_on_desktop=&#8221;1&#8243; hide_on_notebook=&#8221;&#8221; hide_on_tablet=&#8221;1&#8243; hide_on_mobile=&#8221;1&#8243;][vc_empty_space height=&#8221;2.5em&#8221; alter_height=&#8221;none&#8221; hide_on_desktop=&#8221;1&#8243; hide_on_notebook=&#8221;1&#8243; hide_on_tablet=&#8221;&#8221; hide_on_mobile=&#8221;1&#8243;][vc_empty_space height=&#8221;2em&#8221; alter_height=&#8221;none&#8221; hide_on_desktop=&#8221;1&#8243; hide_on_notebook=&#8221;1&#8243; hide_on_tablet=&#8221;1&#8243; hide_on_mobile=&#8221;&#8221;][\/vc_column][vc_column width=&#8221;1\/2&#8243; icons_position=&#8221;left&#8221;][\/vc_column][vc_column width=&#8221;1\/2&#8243; icons_position=&#8221;left&#8221;][vc_empty_space hide_on_desktop=&#8221;&#8221; hide_on_notebook=&#8221;&#8221; hide_on_tablet=&#8221;&#8221; hide_on_mobile=&#8221;&#8221;][\/vc_column][\/vc_row][vc_row][vc_column icons_position=&#8221;left&#8221;][vc_empty_space height=&#8221;7.7em&#8221; alter_height=&#8221;none&#8221; hide_on_desktop=&#8221;&#8221; hide_on_notebook=&#8221;1&#8243; hide_on_tablet=&#8221;1&#8243; hide_on_mobile=&#8221;1&#8243;][vc_empty_space height=&#8221;6.3em&#8221; alter_height=&#8221;none&#8221; hide_on_desktop=&#8221;1&#8243; hide_on_notebook=&#8221;&#8221; hide_on_tablet=&#8221;1&#8243; hide_on_mobile=&#8221;1&#8243;][vc_empty_space height=&#8221;3.5rem&#8221; alter_height=&#8221;none&#8221; hide_on_desktop=&#8221;1&#8243; hide_on_notebook=&#8221;1&#8243; hide_on_tablet=&#8221;&#8221; hide_on_mobile=&#8221;&#8221;][\/vc_column][\/vc_row][vc_row][vc_column icons_position=&#8221;left&#8221;][vc_empty_space height=&#8221;4.5rem&#8221; alter_height=&#8221;none&#8221;&hellip;","og_url":"https:\/\/patiperro.cl\/viajes\/como-comprar\/","og_site_name":"Patiperro Viajes","article_modified_time":"2023-03-07T21:40:43+00:00","twitter_card":"summary_large_image","twitter_misc":{"Est. reading time":"2 minutos"},"schema":{"@context":"https:\/\/schema.org","@graph":[{"@type":"WebPage","@id":"https:\/\/patiperro.cl\/viajes\/como-comprar\/","url":"https:\/\/patiperro.cl\/viajes\/como-comprar\/","name":"C\u00f3mo comprar - Patiperro Viajes","isPartOf":{"@id":"https:\/\/patiperro.cl\/viajes\/#website"},"datePublished":"2018-06-05T17:27:53+00:00","dateModified":"2023-03-07T21:40:43+00:00","breadcrumb":{"@id":"https:\/\/patiperro.cl\/viajes\/como-comprar\/#breadcrumb"},"inLanguage":"es-CL","potentialAction":[{"@type":"ReadAction","target":["https:\/\/patiperro.cl\/viajes\/como-comprar\/"]}]},{"@type":"BreadcrumbList","@id":"https:\/\/patiperro.cl\/viajes\/como-comprar\/#breadcrumb","itemListElement":[{"@type":"ListItem","position":1,"name":"Portada","item":"https:\/\/patiperro.cl\/viajes\/"},{"@type":"ListItem","position":2,"name":"C\u00f3mo comprar"}]},{"@type":"WebSite","@id":"https:\/\/patiperro.cl\/viajes\/#website","url":"https:\/\/patiperro.cl\/viajes\/","name":"Patiperro Viajes","description":"","potentialAction":[{"@type":"SearchAction","target":{"@type":"EntryPoint","urlTemplate":"https:\/\/patiperro.cl\/viajes\/?s={search_term_string}"},"query-input":"required name=search_term_string"}],"inLanguage":"es-CL"}]}},"_links":{"self":[{"href":"https:\/\/patiperro.cl\/viajes\/wp-json\/wp\/v2\/pages\/75","targetHints":{"allow":["GET"]}}],"collection":[{"href":"https:\/\/patiperro.cl\/viajes\/wp-json\/wp\/v2\/pages"}],"about":[{"href":"https:\/\/patiperro.cl\/viajes\/wp-json\/wp\/v2\/types\/page"}],"author":[{"embeddable":true,"href":"https:\/\/patiperro.cl\/viajes\/wp-json\/wp\/v2\/users\/1"}],"replies":[{"embeddable":true,"href":"https:\/\/patiperro.cl\/viajes\/wp-json\/wp\/v2\/comments?post=75"}],"version-history":[{"count":11,"href":"https:\/\/patiperro.cl\/viajes\/wp-json\/wp\/v2\/pages\/75\/revisions"}],"predecessor-version":[{"id":671,"href":"https:\/\/patiperro.cl\/viajes\/wp-json\/wp\/v2\/pages\/75\/revisions\/671"}],"wp:attachment":[{"href":"https:\/\/patiperro.cl\/viajes\/wp-json\/wp\/v2\/media?parent=75"}],"curies":[{"name":"wp","href":"https:\/\/api.w.org\/{rel}","templated":true}]}}