{"id":74,"date":"2023-02-05T22:38:58","date_gmt":"2023-02-06T01:38:58","guid":{"rendered":"https:\/\/patiperro.cl\/viajes\/?page_id=2285"},"modified":"2023-02-24T17:50:20","modified_gmt":"2023-02-24T20:50:20","slug":"chile-viajero","status":"publish","type":"page","link":"https:\/\/patiperro.cl\/viajes\/chile-viajero\/","title":{"rendered":"Chile Viajero"},"content":{"rendered":"<section class=\"wpb-content-wrapper\"><p>[vc_row][vc_column icons_position=&#8221;left&#8221;]<div id=\"sc_services_1314038823\" class=\"sc_services sc_services_default sc_services_featured_top\"><div class=\"sc_services_columns_wrap sc_item_columns sc_item_posts_container sc_item_columns_3 trx_addons_columns_wrap columns_padding_bottom\">\t<div class=\"trx_addons_column-1_3\">\n\t<div \nclass=\"sc_services_item no_links with_content with_image sc_services_item_featured_top post-737 destinos type-destinos status-publish format-standard has-post-thumbnail hentry programas-chile-viajero\">\n\t<div class=\"post_featured with_thumb hover_icon sc_services_item_thumb\"><img loading=\"lazy\" decoding=\"async\" width=\"390\" height=\"270\" src=\"https:\/\/patiperro.cl\/viajes\/wp-content\/uploads\/revslider\/new_slider-1\/Slider_laguna-san-rafael-390x270.jpg\" class=\"attachment-vagabonds-thumb-med size-vagabonds-thumb-med wp-post-image\" alt=\"\" srcset=\"https:\/\/patiperro.cl\/viajes\/wp-content\/uploads\/revslider\/new_slider-1\/Slider_laguna-san-rafael-390x270.jpg 390w, https:\/\/patiperro.cl\/viajes\/wp-content\/uploads\/revslider\/new_slider-1\/Slider_laguna-san-rafael-780x540.jpg 780w\" sizes=\"auto, (max-width: 390px) 100vw, 390px\" \/>\t\t\t\t\t\t<div class=\"mask\"><\/div>\n\t\t\t\t\t\t\t\t\t<div class=\"icons\"><a href=\"https:\/\/patiperro.cl\/viajes\/destinos\/grupo-carretera-austral\/\" aria-hidden=\"true\" class=\"icon-search-alt\"><\/a><\/div>\n\t\t\t<\/div>\t\t\n\t<div class=\"sc_services_item_info\">\n\t\t<div class=\"sc_services_item_header\">\n\t\t\t<h6 class=\"sc_services_item_title\n\t\t\t\t\t\t\">\n\t\t\t\t\t\t\t\t\t\t\t\t\t\t\t\t\t\t\t<a href=\"https:\/\/patiperro.cl\/viajes\/destinos\/grupo-carretera-austral\/\">\n\t\t\t\t\t\t\t\t\t\t\t\t\t\t\tGrupo Carretera Austral\t\t\t\t\t<\/a>\n\t\t\t\t\t\t\t\t\t\t\t\t\t\t\t\t\t\t\t<\/h6>\n<!--\t\t\t<div class=\"sc_services_item_subtitle\">-->\n\n<!--<\/div>-->\n\t\t<\/div>\n\t\t\t\t\t<div class=\"sc_services_item_content\"><p>Conocer\u00e1s: Puerto Tranquilo, Cochrane, Chile Chico, Coyhaique, Capillas de m\u00e1rmol, Bah\u00eda tortel y m\u00e1s<\/p>\n<\/div>\n\t\t\t\t\t\t\t\t\t\t\t\t\t\t\t\t\t   \t\t\t\t<div class=\"sc_services_item_button sc_item_button\"><a href=\"https:\/\/patiperro.cl\/viajes\/destinos\/grupo-carretera-austral\/\" class=\"sc_button sc_button_dafault\">Ver M\u00e1s<\/a><\/div>\n\t\t\t\t\t\t\t\t\t\t\t\t\t\t\t\t\t\t\t\t<\/div>\n<\/div>\n\t<\/div>\t<div class=\"trx_addons_column-1_3\">\n\t<div \nclass=\"sc_services_item no_links with_content with_image sc_services_item_featured_top post-791 destinos type-destinos status-publish format-standard has-post-thumbnail hentry programas-chile-viajero\">\n\t<div class=\"post_featured with_thumb hover_icon sc_services_item_thumb\"><img loading=\"lazy\" decoding=\"async\" width=\"390\" height=\"270\" src=\"https:\/\/patiperro.cl\/viajes\/wp-content\/uploads\/2024\/07\/carretera-austral-web-390x270.jpg\" class=\"attachment-vagabonds-thumb-med size-vagabonds-thumb-med wp-post-image\" alt=\"\" srcset=\"https:\/\/patiperro.cl\/viajes\/wp-content\/uploads\/2024\/07\/carretera-austral-web-390x270.jpg 390w, https:\/\/patiperro.cl\/viajes\/wp-content\/uploads\/2024\/07\/carretera-austral-web-780x540.jpg 780w\" sizes=\"auto, (max-width: 390px) 100vw, 390px\" \/>\t\t\t\t\t\t<div class=\"mask\"><\/div>\n\t\t\t\t\t\t\t\t\t<div class=\"icons\"><a href=\"https:\/\/patiperro.cl\/viajes\/destinos\/grupo-torres-del-paine-carretera-austral\/\" aria-hidden=\"true\" class=\"icon-search-alt\"><\/a><\/div>\n\t\t\t<\/div>\t\t\n\t<div class=\"sc_services_item_info\">\n\t\t<div class=\"sc_services_item_header\">\n\t\t\t<h6 class=\"sc_services_item_title\n\t\t\t\t\t\t\">\n\t\t\t\t\t\t\t\t\t\t\t\t\t\t\t\t\t\t\t<a href=\"https:\/\/patiperro.cl\/viajes\/destinos\/grupo-torres-del-paine-carretera-austral\/\">\n\t\t\t\t\t\t\t\t\t\t\t\t\t\t\tTraves\u00eda Torres del Paine y Carretera Austral\t\t\t\t\t<\/a>\n\t\t\t\t\t\t\t\t\t\t\t\t\t\t\t\t\t\t\t<\/h6>\n<!--\t\t\t<div class=\"sc_services_item_subtitle\">-->\n\n<!--<\/div>-->\n\t\t<\/div>\n\t\t\t\t\t<div class=\"sc_services_item_content\"><p>Conocer\u00e1s: Puerto Natales, Torres del Paine, Puerto Montt, Coyhaique, Capillas de m\u00e1rmol,  y m\u00e1s<\/p>\n<\/div>\n\t\t\t\t\t\t\t\t\t\t\t\t\t\t\t\t\t   \t\t\t\t<div class=\"sc_services_item_button sc_item_button\"><a href=\"https:\/\/patiperro.cl\/viajes\/destinos\/grupo-torres-del-paine-carretera-austral\/\" class=\"sc_button sc_button_dafault\">Ver M\u00e1s<\/a><\/div>\n\t\t\t\t\t\t\t\t\t\t\t\t\t\t\t\t\t\t\t\t<\/div>\n<\/div>\n\t<\/div>\t<div class=\"trx_addons_column-1_3\">\n\t<div \nclass=\"sc_services_item no_links with_content with_image sc_services_item_featured_top post-797 destinos type-destinos status-publish format-standard has-post-thumbnail hentry programas-chile-viajero\">\n\t<div class=\"post_featured with_thumb hover_icon sc_services_item_thumb\"><img loading=\"lazy\" decoding=\"async\" width=\"390\" height=\"270\" src=\"https:\/\/patiperro.cl\/viajes\/wp-content\/uploads\/2024\/08\/rapa-nui-web-390x270.jpg\" class=\"attachment-vagabonds-thumb-med size-vagabonds-thumb-med wp-post-image\" alt=\"\" srcset=\"https:\/\/patiperro.cl\/viajes\/wp-content\/uploads\/2024\/08\/rapa-nui-web-390x270.jpg 390w, https:\/\/patiperro.cl\/viajes\/wp-content\/uploads\/2024\/08\/rapa-nui-web-780x540.jpg 780w\" sizes=\"auto, (max-width: 390px) 100vw, 390px\" \/>\t\t\t\t\t\t<div class=\"mask\"><\/div>\n\t\t\t\t\t\t\t\t\t<div class=\"icons\"><a href=\"https:\/\/patiperro.cl\/viajes\/destinos\/rapanui\/\" aria-hidden=\"true\" class=\"icon-search-alt\"><\/a><\/div>\n\t\t\t<\/div>\t\t\n\t<div class=\"sc_services_item_info\">\n\t\t<div class=\"sc_services_item_header\">\n\t\t\t<h6 class=\"sc_services_item_title\n\t\t\t\t\t\t\">\n\t\t\t\t\t\t\t\t\t\t\t\t\t\t\t\t\t\t\t<a href=\"https:\/\/patiperro.cl\/viajes\/destinos\/rapanui\/\">\n\t\t\t\t\t\t\t\t\t\t\t\t\t\t\tRapa Nui\t\t\t\t\t<\/a>\n\t\t\t\t\t\t\t\t\t\t\t\t\t\t\t\t\t\t\t<\/h6>\n<!--\t\t\t<div class=\"sc_services_item_subtitle\">-->\n\n<!--<\/div>-->\n\t\t<\/div>\n\t\t\t\t\t<div class=\"sc_services_item_content\"><p>La isla m\u00e1gica de Chile, Rapanui<\/p>\n<\/div>\n\t\t\t\t\t\t\t\t\t\t\t\t\t\t\t\t\t   \t\t\t\t<div class=\"sc_services_item_button sc_item_button\"><a href=\"https:\/\/patiperro.cl\/viajes\/destinos\/rapanui\/\" class=\"sc_button sc_button_dafault\">Ver M\u00e1s<\/a><\/div>\n\t\t\t\t\t\t\t\t\t\t\t\t\t\t\t\t\t\t\t\t<\/div>\n<\/div>\n\t<\/div><\/div><\/div><!-- \/.sc_services -->[\/vc_column][\/vc_row]<\/p>\n<\/section>","protected":false},"excerpt":{"rendered":"<p>[vc_row][vc_column icons_position=&#8221;left&#8221;][\/vc_column][\/vc_row]<\/p>\n","protected":false},"author":1,"featured_media":0,"parent":0,"menu_order":0,"comment_status":"closed","ping_status":"closed","template":"","meta":{"footnotes":""},"class_list":["post-74","page","type-page","status-publish","hentry"],"yoast_head":"<!-- This site is optimized with the Yoast SEO plugin v20.3 - https:\/\/yoast.com\/wordpress\/plugins\/seo\/ -->\r\n<title>Chile Viajero - Patiperro Viajes<\/title>\r\n<meta name=\"description\" content=\"Si est\u00e1s buscando viajes dentro de Chile, est\u00e1s en el lugar correcto. Ofrecemos una amplia gama de paquetes de viaje que te permitir\u00e1n descubrir los destinos tur\u00edsticos m\u00e1s impresionantes de nuestro pa\u00eds. Contamos con paquetes de viaje que incluyen tours y actividades personalizados, alojamiento y traslados, para que puedas disfrutar al m\u00e1ximo de cada destino.Planifica la aventura de tus sue\u00f1os con nuestros viajes dentro de Chile.\" \/>\r\n<meta name=\"robots\" content=\"index, follow, max-snippet:-1, max-image-preview:large, max-video-preview:-1\" \/>\r\n<link rel=\"canonical\" href=\"https:\/\/patiperro.cl\/viajes\/chile-viajero\/\" \/>\r\n<meta property=\"og:locale\" content=\"es_ES\" \/>\r\n<meta property=\"og:type\" content=\"article\" \/>\r\n<meta property=\"og:title\" content=\"Chile Viajero - Patiperro Viajes\" \/>\r\n<meta property=\"og:description\" content=\"Si est\u00e1s buscando viajes dentro de Chile, est\u00e1s en el lugar correcto. Ofrecemos una amplia gama de paquetes de viaje que te permitir\u00e1n descubrir los destinos tur\u00edsticos m\u00e1s impresionantes de nuestro pa\u00eds. Contamos con paquetes de viaje que incluyen tours y actividades personalizados, alojamiento y traslados, para que puedas disfrutar al m\u00e1ximo de cada destino.Planifica la aventura de tus sue\u00f1os con nuestros viajes dentro de Chile.\" \/>\r\n<meta property=\"og:url\" content=\"https:\/\/patiperro.cl\/viajes\/chile-viajero\/\" \/>\r\n<meta property=\"og:site_name\" content=\"Patiperro Viajes\" \/>\r\n<meta property=\"article:modified_time\" content=\"2023-02-24T20:50:20+00:00\" \/>\r\n<meta name=\"twitter:card\" content=\"summary_large_image\" \/>\r\n<meta name=\"twitter:label1\" content=\"Est. reading time\" \/>\n\t<meta name=\"twitter:data1\" content=\"1 minuto\" \/>\r\n<script type=\"application\/ld+json\" class=\"yoast-schema-graph\">{\"@context\":\"https:\/\/schema.org\",\"@graph\":[{\"@type\":\"WebPage\",\"@id\":\"https:\/\/patiperro.cl\/viajes\/chile-viajero\/\",\"url\":\"https:\/\/patiperro.cl\/viajes\/chile-viajero\/\",\"name\":\"Chile Viajero - Patiperro Viajes\",\"isPartOf\":{\"@id\":\"https:\/\/patiperro.cl\/viajes\/#website\"},\"datePublished\":\"2023-02-06T01:38:58+00:00\",\"dateModified\":\"2023-02-24T20:50:20+00:00\",\"description\":\"Si est\u00e1s buscando viajes dentro de Chile, est\u00e1s en el lugar correcto. Ofrecemos una amplia gama de paquetes de viaje que te permitir\u00e1n descubrir los destinos tur\u00edsticos m\u00e1s impresionantes de nuestro pa\u00eds. Contamos con paquetes de viaje que incluyen tours y actividades personalizados, alojamiento y traslados, para que puedas disfrutar al m\u00e1ximo de cada destino.Planifica la aventura de tus sue\u00f1os con nuestros viajes dentro de Chile.\",\"breadcrumb\":{\"@id\":\"https:\/\/patiperro.cl\/viajes\/chile-viajero\/#breadcrumb\"},\"inLanguage\":\"es-CL\",\"potentialAction\":[{\"@type\":\"ReadAction\",\"target\":[\"https:\/\/patiperro.cl\/viajes\/chile-viajero\/\"]}]},{\"@type\":\"BreadcrumbList\",\"@id\":\"https:\/\/patiperro.cl\/viajes\/chile-viajero\/#breadcrumb\",\"itemListElement\":[{\"@type\":\"ListItem\",\"position\":1,\"name\":\"Portada\",\"item\":\"https:\/\/patiperro.cl\/viajes\/\"},{\"@type\":\"ListItem\",\"position\":2,\"name\":\"Chile Viajero\"}]},{\"@type\":\"WebSite\",\"@id\":\"https:\/\/patiperro.cl\/viajes\/#website\",\"url\":\"https:\/\/patiperro.cl\/viajes\/\",\"name\":\"Patiperro Viajes\",\"description\":\"\",\"potentialAction\":[{\"@type\":\"SearchAction\",\"target\":{\"@type\":\"EntryPoint\",\"urlTemplate\":\"https:\/\/patiperro.cl\/viajes\/?s={search_term_string}\"},\"query-input\":\"required name=search_term_string\"}],\"inLanguage\":\"es-CL\"}]}<\/script>\r\n<!-- \/ Yoast SEO plugin. -->","yoast_head_json":{"title":"Chile Viajero - Patiperro Viajes","description":"Si est\u00e1s buscando viajes dentro de Chile, est\u00e1s en el lugar correcto. Ofrecemos una amplia gama de paquetes de viaje que te permitir\u00e1n descubrir los destinos tur\u00edsticos m\u00e1s impresionantes de nuestro pa\u00eds. Contamos con paquetes de viaje que incluyen tours y actividades personalizados, alojamiento y traslados, para que puedas disfrutar al m\u00e1ximo de cada destino.Planifica la aventura de tus sue\u00f1os con nuestros viajes dentro de Chile.","robots":{"index":"index","follow":"follow","max-snippet":"max-snippet:-1","max-image-preview":"max-image-preview:large","max-video-preview":"max-video-preview:-1"},"canonical":"https:\/\/patiperro.cl\/viajes\/chile-viajero\/","og_locale":"es_ES","og_type":"article","og_title":"Chile Viajero - Patiperro Viajes","og_description":"Si est\u00e1s buscando viajes dentro de Chile, est\u00e1s en el lugar correcto. Ofrecemos una amplia gama de paquetes de viaje que te permitir\u00e1n descubrir los destinos tur\u00edsticos m\u00e1s impresionantes de nuestro pa\u00eds. Contamos con paquetes de viaje que incluyen tours y actividades personalizados, alojamiento y traslados, para que puedas disfrutar al m\u00e1ximo de cada destino.Planifica la aventura de tus sue\u00f1os con nuestros viajes dentro de Chile.","og_url":"https:\/\/patiperro.cl\/viajes\/chile-viajero\/","og_site_name":"Patiperro Viajes","article_modified_time":"2023-02-24T20:50:20+00:00","twitter_card":"summary_large_image","twitter_misc":{"Est. reading time":"1 minuto"},"schema":{"@context":"https:\/\/schema.org","@graph":[{"@type":"WebPage","@id":"https:\/\/patiperro.cl\/viajes\/chile-viajero\/","url":"https:\/\/patiperro.cl\/viajes\/chile-viajero\/","name":"Chile Viajero - Patiperro Viajes","isPartOf":{"@id":"https:\/\/patiperro.cl\/viajes\/#website"},"datePublished":"2023-02-06T01:38:58+00:00","dateModified":"2023-02-24T20:50:20+00:00","description":"Si est\u00e1s buscando viajes dentro de Chile, est\u00e1s en el lugar correcto. Ofrecemos una amplia gama de paquetes de viaje que te permitir\u00e1n descubrir los destinos tur\u00edsticos m\u00e1s impresionantes de nuestro pa\u00eds. Contamos con paquetes de viaje que incluyen tours y actividades personalizados, alojamiento y traslados, para que puedas disfrutar al m\u00e1ximo de cada destino.Planifica la aventura de tus sue\u00f1os con nuestros viajes dentro de Chile.","breadcrumb":{"@id":"https:\/\/patiperro.cl\/viajes\/chile-viajero\/#breadcrumb"},"inLanguage":"es-CL","potentialAction":[{"@type":"ReadAction","target":["https:\/\/patiperro.cl\/viajes\/chile-viajero\/"]}]},{"@type":"BreadcrumbList","@id":"https:\/\/patiperro.cl\/viajes\/chile-viajero\/#breadcrumb","itemListElement":[{"@type":"ListItem","position":1,"name":"Portada","item":"https:\/\/patiperro.cl\/viajes\/"},{"@type":"ListItem","position":2,"name":"Chile Viajero"}]},{"@type":"WebSite","@id":"https:\/\/patiperro.cl\/viajes\/#website","url":"https:\/\/patiperro.cl\/viajes\/","name":"Patiperro Viajes","description":"","potentialAction":[{"@type":"SearchAction","target":{"@type":"EntryPoint","urlTemplate":"https:\/\/patiperro.cl\/viajes\/?s={search_term_string}"},"query-input":"required name=search_term_string"}],"inLanguage":"es-CL"}]}},"_links":{"self":[{"href":"https:\/\/patiperro.cl\/viajes\/wp-json\/wp\/v2\/pages\/74","targetHints":{"allow":["GET"]}}],"collection":[{"href":"https:\/\/patiperro.cl\/viajes\/wp-json\/wp\/v2\/pages"}],"about":[{"href":"https:\/\/patiperro.cl\/viajes\/wp-json\/wp\/v2\/types\/page"}],"author":[{"embeddable":true,"href":"https:\/\/patiperro.cl\/viajes\/wp-json\/wp\/v2\/users\/1"}],"replies":[{"embeddable":true,"href":"https:\/\/patiperro.cl\/viajes\/wp-json\/wp\/v2\/comments?post=74"}],"version-history":[{"count":3,"href":"https:\/\/patiperro.cl\/viajes\/wp-json\/wp\/v2\/pages\/74\/revisions"}],"predecessor-version":[{"id":592,"href":"https:\/\/patiperro.cl\/viajes\/wp-json\/wp\/v2\/pages\/74\/revisions\/592"}],"wp:attachment":[{"href":"https:\/\/patiperro.cl\/viajes\/wp-json\/wp\/v2\/media?parent=74"}],"curies":[{"name":"wp","href":"https:\/\/api.w.org\/{rel}","templated":true}]}}