{"id":259,"date":"2023-02-03T15:44:22","date_gmt":"2023-02-03T18:44:22","guid":{"rendered":"https:\/\/patiperro.cl\/viajes\/?page_id=259"},"modified":"2023-02-25T01:51:22","modified_gmt":"2023-02-25T04:51:22","slug":"mujer-viajera","status":"publish","type":"page","link":"https:\/\/patiperro.cl\/viajes\/mujer-viajera\/","title":{"rendered":"Mujer Viajera"},"content":{"rendered":"<section class=\"wpb-content-wrapper\"><p>[vc_row][vc_column icons_position=&#8221;left&#8221;]<div id=\"sc_services_1169023878\" class=\"sc_services sc_services_default sc_services_featured_top\"><div class=\"sc_services_columns_wrap sc_item_columns sc_item_posts_container sc_item_columns_3 trx_addons_columns_wrap columns_padding_bottom\">\t<div class=\"trx_addons_column-1_3\">\n\t<div \nclass=\"sc_services_item no_links with_content with_image sc_services_item_featured_top post-587 destinos type-destinos status-publish format-standard has-post-thumbnail hentry programas-mujer-viajera\">\n\t<div class=\"post_featured with_thumb hover_icon sc_services_item_thumb\"><img loading=\"lazy\" decoding=\"async\" width=\"390\" height=\"270\" src=\"https:\/\/patiperro.cl\/viajes\/wp-content\/uploads\/2023\/02\/Viaje_Mundo_Italia_Patiperro-390x270.jpg\" class=\"attachment-vagabonds-thumb-med size-vagabonds-thumb-med wp-post-image\" alt=\"\" srcset=\"https:\/\/patiperro.cl\/viajes\/wp-content\/uploads\/2023\/02\/Viaje_Mundo_Italia_Patiperro-390x270.jpg 390w, https:\/\/patiperro.cl\/viajes\/wp-content\/uploads\/2023\/02\/Viaje_Mundo_Italia_Patiperro-780x540.jpg 780w\" sizes=\"auto, (max-width: 390px) 100vw, 390px\" \/>\t\t\t\t\t\t<div class=\"mask\"><\/div>\n\t\t\t\t\t\t\t\t\t<div class=\"icons\"><a href=\"https:\/\/patiperro.cl\/viajes\/destinos\/tutta-italia\/\" aria-hidden=\"true\" class=\"icon-search-alt\"><\/a><\/div>\n\t\t\t<\/div>\t\t\n\t<div class=\"sc_services_item_info\">\n\t\t<div class=\"sc_services_item_header\">\n\t\t\t<h6 class=\"sc_services_item_title\n\t\t\t\t\t\t\">\n\t\t\t\t\t\t\t\t\t\t\t\t\t\t\t\t\t\t\t<a href=\"https:\/\/patiperro.cl\/viajes\/destinos\/tutta-italia\/\">\n\t\t\t\t\t\t\t\t\t\t\t\t\t\t\tTutta Italia\t\t\t\t\t<\/a>\n\t\t\t\t\t\t\t\t\t\t\t\t\t\t\t\t\t\t\t<\/h6>\n<!--\t\t\t<div class=\"sc_services_item_subtitle\">-->\n\n<!--<\/div>-->\n\t\t<\/div>\n\t\t\t\t\t<div class=\"sc_services_item_content\"><p>Conocer\u00e1s: Roma\/ Florencia \/ Pisa\/ Cinque Terre \/ Genova \/ Portofino \/ Mil\u00e1n \/ Regi\u00f3n de los Lagos \/ Verona \/ Isla de San Giulio \/ Lago Maggiore \/\u00a0 Verona \/ Venecia \u00a0\/ Padua \/ San Marino \/ Gubbio \/ Perugia \/ Asis \/ N\u00e1poles \/ Capri \/ Sorrento \/ Salerno \/\u00a0 Pompeya <\/p>\n<\/div>\n\t\t\t\t\t\t\t\t\t\t\t\t\t\t\t\t\t   \t\t\t\t<div class=\"sc_services_item_button sc_item_button\"><a href=\"https:\/\/patiperro.cl\/viajes\/destinos\/tutta-italia\/\" class=\"sc_button sc_button_dafault\">Ver M\u00e1s<\/a><\/div>\n\t\t\t\t\t\t\t\t\t\t\t\t\t\t\t\t\t\t\t\t<\/div>\n<\/div>\n\t<\/div>\t<div class=\"trx_addons_column-1_3\">\n\t<div \nclass=\"sc_services_item no_links with_content with_image sc_services_item_featured_top post-814 destinos type-destinos status-publish format-standard has-post-thumbnail hentry programas-mujer-viajera\">\n\t<div class=\"post_featured with_thumb hover_icon sc_services_item_thumb\"><img loading=\"lazy\" decoding=\"async\" width=\"390\" height=\"270\" src=\"https:\/\/patiperro.cl\/viajes\/wp-content\/uploads\/2025\/04\/joyas-india-web-390x270.jpg\" class=\"attachment-vagabonds-thumb-med size-vagabonds-thumb-med wp-post-image\" alt=\"\" srcset=\"https:\/\/patiperro.cl\/viajes\/wp-content\/uploads\/2025\/04\/joyas-india-web-390x270.jpg 390w, https:\/\/patiperro.cl\/viajes\/wp-content\/uploads\/2025\/04\/joyas-india-web-780x540.jpg 780w\" sizes=\"auto, (max-width: 390px) 100vw, 390px\" \/>\t\t\t\t\t\t<div class=\"mask\"><\/div>\n\t\t\t\t\t\t\t\t\t<div class=\"icons\"><a href=\"https:\/\/patiperro.cl\/viajes\/destinos\/india-joyas-y-cultura\/\" aria-hidden=\"true\" class=\"icon-search-alt\"><\/a><\/div>\n\t\t\t<\/div>\t\t\n\t<div class=\"sc_services_item_info\">\n\t\t<div class=\"sc_services_item_header\">\n\t\t\t<h6 class=\"sc_services_item_title\n\t\t\t\t\t\t\">\n\t\t\t\t\t\t\t\t\t\t\t\t\t\t\t\t\t\t\t<a href=\"https:\/\/patiperro.cl\/viajes\/destinos\/india-joyas-y-cultura\/\">\n\t\t\t\t\t\t\t\t\t\t\t\t\t\t\tIndia: Joyas, Cultura\t\t\t\t\t<\/a>\n\t\t\t\t\t\t\t\t\t\t\t\t\t\t\t\t\t\t\t<\/h6>\n<!--\t\t\t<div class=\"sc_services_item_subtitle\">-->\n\n<!--<\/div>-->\n\t\t<\/div>\n\t\t\t\t\t<div class=\"sc_services_item_content\"><p>Conocer\u00e1s: Delhi\/ Nueva Delhi\/Feria Jewelry Delhi\/Pragati Maidan\/ Udaipur \/Ranakpur\/Jodhpur\/Jaipur\/ Agra\/Taj Mahal<\/p>\n<\/div>\n\t\t\t\t\t\t\t\t\t\t\t\t\t\t\t\t\t   \t\t\t\t<div class=\"sc_services_item_button sc_item_button\"><a href=\"https:\/\/patiperro.cl\/viajes\/destinos\/india-joyas-y-cultura\/\" class=\"sc_button sc_button_dafault\">Ver M\u00e1s<\/a><\/div>\n\t\t\t\t\t\t\t\t\t\t\t\t\t\t\t\t\t\t\t\t<\/div>\n<\/div>\n\t<\/div>\t<div class=\"trx_addons_column-1_3\">\n\t<div \nclass=\"sc_services_item no_links with_content with_image sc_services_item_featured_top post-834 destinos type-destinos status-publish format-standard has-post-thumbnail hentry programas-mujer-viajera\">\n\t<div class=\"post_featured with_thumb hover_icon sc_services_item_thumb\"><img loading=\"lazy\" decoding=\"async\" width=\"390\" height=\"270\" src=\"https:\/\/patiperro.cl\/viajes\/wp-content\/uploads\/2025\/05\/tailandia-web-390x270.jpg\" class=\"attachment-vagabonds-thumb-med size-vagabonds-thumb-med wp-post-image\" alt=\"\" srcset=\"https:\/\/patiperro.cl\/viajes\/wp-content\/uploads\/2025\/05\/tailandia-web-390x270.jpg 390w, https:\/\/patiperro.cl\/viajes\/wp-content\/uploads\/2025\/05\/tailandia-web-780x540.jpg 780w\" sizes=\"auto, (max-width: 390px) 100vw, 390px\" \/>\t\t\t\t\t\t<div class=\"mask\"><\/div>\n\t\t\t\t\t\t\t\t\t<div class=\"icons\"><a href=\"https:\/\/patiperro.cl\/viajes\/destinos\/joyas-tailandia-camboya-pucket\/\" aria-hidden=\"true\" class=\"icon-search-alt\"><\/a><\/div>\n\t\t\t<\/div>\t\t\n\t<div class=\"sc_services_item_info\">\n\t\t<div class=\"sc_services_item_header\">\n\t\t\t<h6 class=\"sc_services_item_title\n\t\t\t\t\t\t\">\n\t\t\t\t\t\t\t\t\t\t\t\t\t\t\t\t\t\t\t<a href=\"https:\/\/patiperro.cl\/viajes\/destinos\/joyas-tailandia-camboya-pucket\/\">\n\t\t\t\t\t\t\t\t\t\t\t\t\t\t\tJoyas del sudeste asi\u00e1tico 2026\t\t\t\t\t<\/a>\n\t\t\t\t\t\t\t\t\t\t\t\t\t\t\t\t\t\t\t<\/h6>\n<!--\t\t\t<div class=\"sc_services_item_subtitle\">-->\n\n<!--<\/div>-->\n\t\t<\/div>\n\t\t\t\t\t<div class=\"sc_services_item_content\"><p>Conocer\u00e1s: Bangkok\/ Chiang Rai\/ Chiang Mai\/Siem Reap\/Pucket<\/p>\n<\/div>\n\t\t\t\t\t\t\t\t\t\t\t\t\t\t\t\t\t   \t\t\t\t<div class=\"sc_services_item_button sc_item_button\"><a href=\"https:\/\/patiperro.cl\/viajes\/destinos\/joyas-tailandia-camboya-pucket\/\" class=\"sc_button sc_button_dafault\">Ver M\u00e1s<\/a><\/div>\n\t\t\t\t\t\t\t\t\t\t\t\t\t\t\t\t\t\t\t\t<\/div>\n<\/div>\n\t<\/div><\/div><\/div><!-- \/.sc_services -->[\/vc_column][\/vc_row]<\/p>\n<\/section>","protected":false},"excerpt":{"rendered":"<p>[vc_row][vc_column icons_position=&#8221;left&#8221;][\/vc_column][\/vc_row]<\/p>\n","protected":false},"author":1,"featured_media":0,"parent":0,"menu_order":0,"comment_status":"closed","ping_status":"closed","template":"","meta":{"footnotes":""},"class_list":["post-259","page","type-page","status-publish","hentry"],"yoast_head":"<!-- This site is optimized with the Yoast SEO plugin v20.3 - https:\/\/yoast.com\/wordpress\/plugins\/seo\/ -->\r\n<title>Mujer Viajera - Patiperro Viajes<\/title>\r\n<meta name=\"description\" content=\"Si eres una mujer viajera y te encanta explorar el mundo, te ofrecemos viajes en grupos por rutas dise\u00f1ados especialmente para mujeres como t\u00fa, que buscan aventuras y experiencias \u00fanicas mientras compartes momentos inolvidables con otras mujeres viajeras. Ofrecemos un servicio de asesoramiento personalizado.\" \/>\r\n<meta name=\"robots\" content=\"index, follow, max-snippet:-1, max-image-preview:large, max-video-preview:-1\" \/>\r\n<link rel=\"canonical\" href=\"https:\/\/patiperro.cl\/viajes\/mujer-viajera\/\" \/>\r\n<meta property=\"og:locale\" content=\"es_ES\" \/>\r\n<meta property=\"og:type\" content=\"article\" \/>\r\n<meta property=\"og:title\" content=\"Mujer Viajera - Patiperro Viajes\" \/>\r\n<meta property=\"og:description\" content=\"Si eres una mujer viajera y te encanta explorar el mundo, te ofrecemos viajes en grupos por rutas dise\u00f1ados especialmente para mujeres como t\u00fa, que buscan aventuras y experiencias \u00fanicas mientras compartes momentos inolvidables con otras mujeres viajeras. Ofrecemos un servicio de asesoramiento personalizado.\" \/>\r\n<meta property=\"og:url\" content=\"https:\/\/patiperro.cl\/viajes\/mujer-viajera\/\" \/>\r\n<meta property=\"og:site_name\" content=\"Patiperro Viajes\" \/>\r\n<meta property=\"article:modified_time\" content=\"2023-02-25T04:51:22+00:00\" \/>\r\n<meta name=\"twitter:card\" content=\"summary_large_image\" \/>\r\n<meta name=\"twitter:label1\" content=\"Est. reading time\" \/>\n\t<meta name=\"twitter:data1\" content=\"1 minuto\" \/>\r\n<script type=\"application\/ld+json\" class=\"yoast-schema-graph\">{\"@context\":\"https:\/\/schema.org\",\"@graph\":[{\"@type\":\"WebPage\",\"@id\":\"https:\/\/patiperro.cl\/viajes\/mujer-viajera\/\",\"url\":\"https:\/\/patiperro.cl\/viajes\/mujer-viajera\/\",\"name\":\"Mujer Viajera - Patiperro Viajes\",\"isPartOf\":{\"@id\":\"https:\/\/patiperro.cl\/viajes\/#website\"},\"datePublished\":\"2023-02-03T18:44:22+00:00\",\"dateModified\":\"2023-02-25T04:51:22+00:00\",\"description\":\"Si eres una mujer viajera y te encanta explorar el mundo, te ofrecemos viajes en grupos por rutas dise\u00f1ados especialmente para mujeres como t\u00fa, que buscan aventuras y experiencias \u00fanicas mientras compartes momentos inolvidables con otras mujeres viajeras. Ofrecemos un servicio de asesoramiento personalizado.\",\"breadcrumb\":{\"@id\":\"https:\/\/patiperro.cl\/viajes\/mujer-viajera\/#breadcrumb\"},\"inLanguage\":\"es-CL\",\"potentialAction\":[{\"@type\":\"ReadAction\",\"target\":[\"https:\/\/patiperro.cl\/viajes\/mujer-viajera\/\"]}]},{\"@type\":\"BreadcrumbList\",\"@id\":\"https:\/\/patiperro.cl\/viajes\/mujer-viajera\/#breadcrumb\",\"itemListElement\":[{\"@type\":\"ListItem\",\"position\":1,\"name\":\"Portada\",\"item\":\"https:\/\/patiperro.cl\/viajes\/\"},{\"@type\":\"ListItem\",\"position\":2,\"name\":\"Mujer Viajera\"}]},{\"@type\":\"WebSite\",\"@id\":\"https:\/\/patiperro.cl\/viajes\/#website\",\"url\":\"https:\/\/patiperro.cl\/viajes\/\",\"name\":\"Patiperro Viajes\",\"description\":\"\",\"potentialAction\":[{\"@type\":\"SearchAction\",\"target\":{\"@type\":\"EntryPoint\",\"urlTemplate\":\"https:\/\/patiperro.cl\/viajes\/?s={search_term_string}\"},\"query-input\":\"required name=search_term_string\"}],\"inLanguage\":\"es-CL\"}]}<\/script>\r\n<!-- \/ Yoast SEO plugin. -->","yoast_head_json":{"title":"Mujer Viajera - Patiperro Viajes","description":"Si eres una mujer viajera y te encanta explorar el mundo, te ofrecemos viajes en grupos por rutas dise\u00f1ados especialmente para mujeres como t\u00fa, que buscan aventuras y experiencias \u00fanicas mientras compartes momentos inolvidables con otras mujeres viajeras. Ofrecemos un servicio de asesoramiento personalizado.","robots":{"index":"index","follow":"follow","max-snippet":"max-snippet:-1","max-image-preview":"max-image-preview:large","max-video-preview":"max-video-preview:-1"},"canonical":"https:\/\/patiperro.cl\/viajes\/mujer-viajera\/","og_locale":"es_ES","og_type":"article","og_title":"Mujer Viajera - Patiperro Viajes","og_description":"Si eres una mujer viajera y te encanta explorar el mundo, te ofrecemos viajes en grupos por rutas dise\u00f1ados especialmente para mujeres como t\u00fa, que buscan aventuras y experiencias \u00fanicas mientras compartes momentos inolvidables con otras mujeres viajeras. Ofrecemos un servicio de asesoramiento personalizado.","og_url":"https:\/\/patiperro.cl\/viajes\/mujer-viajera\/","og_site_name":"Patiperro Viajes","article_modified_time":"2023-02-25T04:51:22+00:00","twitter_card":"summary_large_image","twitter_misc":{"Est. reading time":"1 minuto"},"schema":{"@context":"https:\/\/schema.org","@graph":[{"@type":"WebPage","@id":"https:\/\/patiperro.cl\/viajes\/mujer-viajera\/","url":"https:\/\/patiperro.cl\/viajes\/mujer-viajera\/","name":"Mujer Viajera - Patiperro Viajes","isPartOf":{"@id":"https:\/\/patiperro.cl\/viajes\/#website"},"datePublished":"2023-02-03T18:44:22+00:00","dateModified":"2023-02-25T04:51:22+00:00","description":"Si eres una mujer viajera y te encanta explorar el mundo, te ofrecemos viajes en grupos por rutas dise\u00f1ados especialmente para mujeres como t\u00fa, que buscan aventuras y experiencias \u00fanicas mientras compartes momentos inolvidables con otras mujeres viajeras. Ofrecemos un servicio de asesoramiento personalizado.","breadcrumb":{"@id":"https:\/\/patiperro.cl\/viajes\/mujer-viajera\/#breadcrumb"},"inLanguage":"es-CL","potentialAction":[{"@type":"ReadAction","target":["https:\/\/patiperro.cl\/viajes\/mujer-viajera\/"]}]},{"@type":"BreadcrumbList","@id":"https:\/\/patiperro.cl\/viajes\/mujer-viajera\/#breadcrumb","itemListElement":[{"@type":"ListItem","position":1,"name":"Portada","item":"https:\/\/patiperro.cl\/viajes\/"},{"@type":"ListItem","position":2,"name":"Mujer Viajera"}]},{"@type":"WebSite","@id":"https:\/\/patiperro.cl\/viajes\/#website","url":"https:\/\/patiperro.cl\/viajes\/","name":"Patiperro Viajes","description":"","potentialAction":[{"@type":"SearchAction","target":{"@type":"EntryPoint","urlTemplate":"https:\/\/patiperro.cl\/viajes\/?s={search_term_string}"},"query-input":"required name=search_term_string"}],"inLanguage":"es-CL"}]}},"_links":{"self":[{"href":"https:\/\/patiperro.cl\/viajes\/wp-json\/wp\/v2\/pages\/259","targetHints":{"allow":["GET"]}}],"collection":[{"href":"https:\/\/patiperro.cl\/viajes\/wp-json\/wp\/v2\/pages"}],"about":[{"href":"https:\/\/patiperro.cl\/viajes\/wp-json\/wp\/v2\/types\/page"}],"author":[{"embeddable":true,"href":"https:\/\/patiperro.cl\/viajes\/wp-json\/wp\/v2\/users\/1"}],"replies":[{"embeddable":true,"href":"https:\/\/patiperro.cl\/viajes\/wp-json\/wp\/v2\/comments?post=259"}],"version-history":[{"count":2,"href":"https:\/\/patiperro.cl\/viajes\/wp-json\/wp\/v2\/pages\/259\/revisions"}],"predecessor-version":[{"id":594,"href":"https:\/\/patiperro.cl\/viajes\/wp-json\/wp\/v2\/pages\/259\/revisions\/594"}],"wp:attachment":[{"href":"https:\/\/patiperro.cl\/viajes\/wp-json\/wp\/v2\/media?parent=259"}],"curies":[{"name":"wp","href":"https:\/\/api.w.org\/{rel}","templated":true}]}}